{"id":921,"date":"2026-01-30T17:02:06","date_gmt":"2026-01-30T15:02:06","guid":{"rendered":"https:\/\/premiostore.eu\/privaatsuspoliitika\/"},"modified":"2026-03-27T19:28:10","modified_gmt":"2026-03-27T17:28:10","slug":"privaatsuspoliitika","status":"publish","type":"page","link":"https:\/\/premiostore.eu\/de\/privaatsuspoliitika\/","title":{"rendered":"Datenschutzerkl\u00e4rung"},"content":{"rendered":"<div class=\"ama-block block-boxed\">\n\n<p class=\"wp-el\"><strong>Bitte lesen Sie diese Datenschutzbestimmungen sorgf\u00e4ltig durch, bevor Sie mit der Nutzung des Online-Shops, der Funktionen des Online-Shops oder der Dienste beginnen. Die Datenschutzbestimmungen sind ein wesentlicher Bestandteil des Vertrags zwischen dem Kunden und Fairfood GmbH. (im Folgenden als Fairfood bezeichnet) sowie der Verkaufsbedingungen.<\/strong><\/p>\n\n<\/div>\n\n\n<h2 class=\"wp-block-heading wp-el\">1. <strong>Erhebung und Verarbeitung personenbezogener Daten<\/strong><\/h2>\n\n\n\n<p class=\"wp-el\"><strong>1.1.<\/strong>&nbsp;Fairfood erhebt und verarbeitet die folgenden personenbezogenen Daten des Kunden:<\/p>\n\n\n\n<p class=\"wp-el\"><strong>1.1.1.<\/strong>&nbsp;Vor- und Nachname des Kunden;<\/p>\n\n\n\n<p class=\"wp-el\"><strong>1.1.2.<\/strong>&nbsp;E-Mail-Adresse des Kunden;<\/p>\n\n\n\n<p class=\"wp-el\"><strong>1.1.3.<\/strong>&nbsp;Telefonnummer des Kunden;<\/p>\n\n\n\n<p class=\"wp-el\"><strong>1.1.4.<\/strong>&nbsp;Adresse des Kunden;<\/p>\n\n\n\n<p class=\"wp-el\"><strong>1.1.5.<\/strong>&nbsp;Kommunikation zwischen dem Kunden und Fairfood;<\/p>\n\n\n\n<p class=\"wp-el\"><strong>1.1.6.<\/strong>&nbsp;IP-Adresse des Kunden;<\/p>\n\n\n\n<h2 class=\"wp-block-heading wp-el\">2. <strong>Verwendung von Cookies im Online-Shop<\/strong><\/h2>\n\n\n\n<p class=\"wp-el\"><strong>2.1.<\/strong>&nbsp;Fairfood verwendet Cookies, um den Website-Verkehr zu optimieren und das Nutzungsverhalten der Kunden auf der Website zu analysieren. Wenn der Kunde seinen Browser nicht so eingestellt hat, dass alle oder bestimmte Arten von Cookies abgelehnt werden, werden Cookies ausgegeben, sobald der Kunde den Online-Shop besucht.<\/p>\n\n\n\n<p class=\"wp-el\"><strong>2.2.<\/strong>&nbsp;Fairfood verwendet die folgenden Arten von Cookies:<\/p>\n\n\n\n<p class=\"wp-el\"><strong>2.2.1.&nbsp;<\/strong><em>Google Analytics<\/em>-Cookies werden verwendet, um das Verhalten des Kunden zu analysieren und die Website zu verbessern. Diese Cookies liefern Fairfood Informationen \u00fcber die Anzahl der Besucher der Website, die Seiten, die sie besuchen, und die Dauer ihres Besuchs. Alle durch Cookies gesammelten Informationen werden mit \u00e4hnlichen Informationen anderer Kunden aggregiert und sind daher anonym. Fairfood identifiziert keine einzelnen Nutzer.<\/p>\n\n\n\n<p class=\"wp-el\"><strong>2.2.2.<\/strong>&nbsp;Sitzungs-Cookies werden verwendet, um die Funktionalit\u00e4t der Website aufrechtzuerhalten. Dies erm\u00f6glicht es Fairfood, die Aktivit\u00e4ten des Kunden mit der Browsersitzung zu verkn\u00fcpfen, die beginnt und endet, wenn der Kunde das Browserfenster \u00f6ffnet und schlie\u00dft. Das Sitzungscookie besteht aus tempor\u00e4ren Informationen und wird gel\u00f6scht, wenn der Kunde den Browser verl\u00e4sst.<\/p>\n\n\n\n<p class=\"wp-el\"><strong>2.3.<\/strong>&nbsp;Mit vorheriger Zustimmung des Kunden verwendet Fairfood die folgenden Cookies:<\/p>\n\n\n\n<p class=\"wp-el\"><strong>2.3.1.<\/strong>&nbsp;<em>Facebook Pixel<\/em> Cookies werden von Fairfood verwendet, um Werbung auf den Kunden auszurichten und den Fluss von Werbung zu analysieren, wodurch der Webverkehr des Kunden von <em>Facebook<\/em> verfolgt wird.<\/p>\n\n\n\n<p class=\"wp-el\"><strong>2.4.<\/strong>&nbsp;Der Kunde hat jederzeit die M\u00f6glichkeit, Cookies \u00fcber die Browsereinstellungen zu steuern. Wenn der Kunde keine Cookies erhalten m\u00f6chte, kann er seinen Browser so einstellen, dass alle Cookies abgelehnt werden oder eine Warnung angezeigt wird, wenn ein Cookie gesetzt wird.<\/p>\n\n\n\n<h2 class=\"wp-block-heading wp-el\">3.&nbsp;<strong>Zweck der Verarbeitung personenbezogener Daten<\/strong><\/h2>\n\n\n\n<p class=\"wp-el\"><strong>3.1.<\/strong>&nbsp;Die \u00fcber den Kunden gesammelten personenbezogenen Daten werden ausschlie\u00dflich zum Zweck der Bereitstellung des Dienstes, der Erm\u00f6glichung des Dienstes und der Nutzung des Online-Shops verarbeitet, einschlie\u00dflich der folgenden Zwecke:<\/p>\n\n\n\n<p class=\"wp-el\"><strong>3.1.1.<\/strong>\u00a0Erf\u00fcllung der Bestellung, die im Online-Shop aufgegeben wurde;<\/p>\n\n\n\n<p class=\"wp-el\"><strong>3.1.2.<\/strong>\u00a0Verwaltung der Kundenbeziehungen und Kommunikation mit dem Kunden;<\/p>\n\n\n\n<p class=\"wp-el\"><strong>3.1.3.<\/strong>\u00a0Durchf\u00fchrung und Analyse von Verkaufs- und Kundenbasisanalysen;<\/p>\n\n\n\n<p class=\"wp-el\"><strong>3.1.4.<\/strong>\u00a0Verbesserung der Benutzerfreundlichkeit und der Dienste des Online-Shops;<\/p>\n\n\n\n<p class=\"wp-el\"><strong>3.1.5.<\/strong>\u00a0Verbesserung der Benutzerfreundlichkeit des Online-Shops basierend auf in Cookies gespeicherten Daten.<\/p>\n\n\n\n<h2 class=\"wp-block-heading wp-el\">4.\u00a0<strong>Methode der Verarbeitung personenbezogener Daten<\/strong><\/h2>\n\n\n\n<p class=\"wp-el\"><strong>4.1.<\/strong>\u00a0Die personenbezogenen Daten des Kunden werden nur in dem Ma\u00dfe verarbeitet, wie sie Fairfood durch den Kaufprozess im Online-Shop, die Auftragsvorbereitung und -abwicklung bekannt wurden.<\/p>\n\n\n\n<p class=\"wp-el\"><strong>4.2.<\/strong>\u00a0Die gesammelten personenbezogenen Daten werden ausschlie\u00dflich zu den in diesem Dokument in Abschnitt 5 genannten Zwecken gespeichert und aufbewahrt.<\/p>\n\n\n\n<h2 class=\"wp-block-heading wp-el\"><strong>5.<\/strong>\u00a0<strong><strong>Aufbewahrung und Schutz personenbezogener Daten<\/strong><\/strong><\/h2>\n\n\n\n<p class=\"wp-el\"><strong>5.1.<\/strong>\u00a0Alle \u00fcber den Kunden gesammelten personenbezogenen Daten werden auf Servern gespeichert, die sich in den L\u00e4ndern der Europ\u00e4ischen Union oder des Europ\u00e4ischen Wirtschaftsraums befinden.<\/p>\n\n\n\n<p class=\"wp-el\"><strong>5.2.<\/strong>\u00a0Personenbezogene Daten des Kunden, die Fairfood zur Erf\u00fcllung des Vertrags und zur Sicherstellung der Vertragserf\u00fcllung verwendet, werden f\u00fcr einen Zeitraum von bis zu 3 Jahren ab dem Zeitpunkt, an dem Fairfood die entsprechenden personenbezogenen Daten erh\u00e4lt, aufbewahrt. Buchhaltungsbelege werden gem\u00e4\u00df dem Rechnungslegungsgesetz f\u00fcr 7 Jahre aufbewahrt.<\/p>\n\n\n\n<p class=\"wp-el\"><strong>5.3.<\/strong>\u00a0Der Zugang zu den personenbezogenen Daten des Kunden wird ausschlie\u00dflich den Mitarbeitern von Fairfood und den Mitgliedern der Gesch\u00e4ftsf\u00fchrung gew\u00e4hrt, die das Recht haben, personenbezogene Daten nur im Zusammenhang mit der Bereitstellung des Dienstes und der Verwaltung des Online-Shops zu verwenden.<\/p>\n\n\n\n<p class=\"wp-el\"><strong>5.4.<\/strong>\u00a0Gem\u00e4\u00df den geltenden Gesetzen kann Fairfood zus\u00e4tzliche Verpflichtungen zur Aufbewahrung bestimmter personenbezogener Daten haben.<\/p>\n\n\n\n<h2 class=\"wp-block-heading wp-el\">6.\u00a0<strong>Weitergabe personenbezogener Daten<\/strong><\/h2>\n\n\n\n<p class=\"wp-el\"><strong>6.1.<\/strong>\u00a0Fairfood gibt die personenbezogenen Daten des Kunden nicht an Dritte weiter, au\u00dfer in den folgenden F\u00e4llen:<\/p>\n\n\n\n<p class=\"wp-el\"><strong>6.1.1.<\/strong>\u00a0Zur Erbringung der Dienstleistung (Lieferung der im Webshop aufgegebenen Bestellung) werden die Bestelldaten an den vertraglichen Partner von Fairfood, Nordics Fulfillment O\u00dc, \u00fcbermittelt.<\/p>\n\n\n\n<p class=\"wp-el\"><strong>6.1.2.<\/strong>\u00a0Zur Lieferung der Bestellung werden die personenbezogenen Daten des Kunden an die Systeme von Omniva\/SmartPost\/DPD\/Venipak\/FedEx \u00fcbermittelt, um einen Paketschein zu erstellen, mit dem die Produkte an den Kunden geliefert werden.<\/p>\n\n\n\n<p class=\"wp-el\"><strong>6.1.3.<\/strong>\u00a0Zur Verarbeitung von Zahlungen werden die erforderlichen personenbezogenen Daten an den autorisierten Zahlungsdienstleister Maksekeskus AS weitergeleitet;<\/p>\n\n\n\n<p class=\"wp-el\"><strong>6.1.4.<\/strong>\u00a0Zur Sicherstellung der Erf\u00fcllung des Vertrags.<\/p>\n\n\n\n<h2 class=\"wp-block-heading wp-el\">7.\u00a0<strong>Rechte des Kunden im Zusammenhang mit personenbezogenen Daten<\/strong><\/h2>\n\n\n\n<p class=\"wp-el\"><strong>7.1.<\/strong>\u00a0Der Kunde hat das Recht, die \u00fcber ihn gesammelten und verarbeiteten personenbezogenen Daten einzusehen und die Berichtigung ungenauer personenbezogener Daten zu verlangen.<\/p>\n\n\n\n<p class=\"wp-el\"><strong>7.2.<\/strong>\u00a0Wenn die Verarbeitung personenbezogener Daten gem\u00e4\u00df den geltenden Gesetzen verboten ist, hat der Kunde das Recht, die Beendigung der Verarbeitung personenbezogener Daten und die Sperrung oder L\u00f6schung der verarbeiteten personenbezogenen Daten zu verlangen.<\/p>\n\n\n\n<p class=\"wp-el\"><strong>7.3.<\/strong>\u00a0Wenn die Verarbeitung personenbezogener Daten die Rechte des Kunden verletzt, hat er das Recht, die Datenschutzbeh\u00f6rde oder das Gericht zu kontaktieren, es sei denn, das Gesetz sieht etwas anderes vor.<\/p>\n\n\n\n<p class=\"wp-el\"><strong>7.4.<\/strong>\u00a0Wenn die Rechte des Kunden bei der Verarbeitung personenbezogener Daten verletzt wurden, hat der Kunde das Recht, Schadenersatz f\u00fcr den verursachten Schaden zu fordern.<\/p>\n\n\n\n<p class=\"wp-el\"><strong>7.5.<\/strong>\u00a0F\u00fcr alle Fragen, die der Kunde bez\u00fcglich der Verarbeitung seiner personenbezogenen Daten und dieser Datenschutzbestimmungen hat, kontaktieren Sie uns bitte per E-Mail an info(at)premiostore.eu.<\/p>\n","protected":false},"excerpt":{"rendered":"<p>1. Erhebung und Verarbeitung personenbezogener Daten 1.1.&nbsp;Fairfood erhebt und verarbeitet die folgenden personenbezogenen Daten des Kunden: 1.1.1.&nbsp;Vor- und Nachname des&#8230;<\/p>\n","protected":false},"author":1,"featured_media":0,"parent":0,"menu_order":0,"comment_status":"closed","ping_status":"closed","template":"","meta":{"_acf_changed":false,"footnotes":""},"class_list":["post-921","page","type-page","status-publish","hentry"],"acf":[],"_links":{"self":[{"href":"https:\/\/premiostore.eu\/de\/wp-json\/wp\/v2\/pages\/921","targetHints":{"allow":["GET"]}}],"collection":[{"href":"https:\/\/premiostore.eu\/de\/wp-json\/wp\/v2\/pages"}],"about":[{"href":"https:\/\/premiostore.eu\/de\/wp-json\/wp\/v2\/types\/page"}],"author":[{"embeddable":true,"href":"https:\/\/premiostore.eu\/de\/wp-json\/wp\/v2\/users\/1"}],"replies":[{"embeddable":true,"href":"https:\/\/premiostore.eu\/de\/wp-json\/wp\/v2\/comments?post=921"}],"version-history":[{"count":0,"href":"https:\/\/premiostore.eu\/de\/wp-json\/wp\/v2\/pages\/921\/revisions"}],"wp:attachment":[{"href":"https:\/\/premiostore.eu\/de\/wp-json\/wp\/v2\/media?parent=921"}],"curies":[{"name":"wp","href":"https:\/\/api.w.org\/{rel}","templated":true}]}}