{"id":934,"date":"2026-01-12T10:54:12","date_gmt":"2026-01-12T08:54:12","guid":{"rendered":"https:\/\/premiostore.eu\/avaleht\/"},"modified":"2026-04-09T09:17:58","modified_gmt":"2026-04-09T06:17:58","slug":"avaleht","status":"publish","type":"page","link":"https:\/\/premiostore.eu\/de\/","title":{"rendered":"STARTSEITE"},"content":{"rendered":"<div class=\"ama-block block-product-cats is-style-slider breakout\"><div class=\"block__header text-center\"><h2 class=\"has-giant-font-size\">Wenn geistige und k\u00f6rperliche Leistungs&shy;f\u00e4higkeit auf die Probe gestellt wird\u2026<\/h2><\/div><div class=\"block__body splide breakout\" data-splide={\"gap\":\"var(--ama-gutter-double-x)\",\"perPage\":6,\"breakpoints\":{\"567\":{\"perPage\":1},\"767\":{\"perPage\":2},\"991\":{\"perPage\":3},\"1023\":{\"perPage\":4},\"1199\":{\"perPage\":5}},\"pagination\":false}><div class=\"splide__track\"><ul class=\"splide__list\"><li class=\"splide__slide\"><a href=\"https:\/\/premiostore.eu\/de\/produktkategorie\/augen-haut\/\" class=\"product-cat-item\"><span class=\"item__thumb\"><img loading=\"lazy\" decoding=\"async\" src=\"https:\/\/premiostore.eu\/wp-content\/uploads\/2026\/02\/icon-eye.svg\" width=\"512\" height=\"512\" alt=\"\"><\/span><p>Augen- und Hautgesundheit<\/p><\/a><\/li><li class=\"splide__slide\"><a href=\"https:\/\/premiostore.eu\/de\/produktkategorie\/besserer-schlaf\/\" class=\"product-cat-item\"><span class=\"item__thumb\"><img loading=\"lazy\" decoding=\"async\" src=\"https:\/\/premiostore.eu\/wp-content\/uploads\/2026\/02\/icon-moon.svg\" width=\"512\" height=\"512\" alt=\"\"><\/span><p>Besserer Schlaf<\/p><\/a><\/li><li class=\"splide__slide\"><a href=\"https:\/\/premiostore.eu\/de\/produktkategorie\/bewusstes-altern\/\" class=\"product-cat-item\"><span class=\"item__thumb\"><img loading=\"lazy\" decoding=\"async\" src=\"https:\/\/premiostore.eu\/wp-content\/uploads\/2026\/02\/icon-wellness.svg\" width=\"64\" height=\"64\" alt=\"\"><\/span><p>Bewusstes Altern<\/p><\/a><\/li><li class=\"splide__slide\"><a href=\"https:\/\/premiostore.eu\/de\/produktkategorie\/blasen-harnwege\/\" class=\"product-cat-item\"><span class=\"item__thumb\"><img loading=\"lazy\" decoding=\"async\" src=\"https:\/\/premiostore.eu\/wp-content\/uploads\/2026\/02\/icon-urology.svg\" width=\"512\" height=\"512\" alt=\"\"><\/span><p>Blasen- und Harnwegsgesundheit<\/p><\/a><\/li><li class=\"splide__slide\"><a href=\"https:\/\/premiostore.eu\/de\/produktkategorie\/blutzucker\/\" class=\"product-cat-item\"><span class=\"item__thumb\"><img loading=\"lazy\" decoding=\"async\" src=\"https:\/\/premiostore.eu\/wp-content\/uploads\/2026\/02\/icon-blood.svg\" width=\"66\" height=\"66\" alt=\"\"><\/span><p>Blutzucker<\/p><\/a><\/li><li class=\"splide__slide\"><a href=\"https:\/\/premiostore.eu\/de\/produktkategorie\/eisenbalance\/\" class=\"product-cat-item\"><span class=\"item__thumb\"><img loading=\"lazy\" decoding=\"async\" src=\"https:\/\/premiostore.eu\/wp-content\/uploads\/2026\/02\/icon-iron-1.svg\" width=\"512\" height=\"512\" alt=\"\"><\/span><p>Eisenbalance<\/p><\/a><\/li><li class=\"splide__slide\"><a href=\"https:\/\/premiostore.eu\/de\/produktkategorie\/energie-muedigkeit\/\" class=\"product-cat-item\"><span class=\"item__thumb\"><img loading=\"lazy\" decoding=\"async\" src=\"https:\/\/premiostore.eu\/wp-content\/uploads\/2026\/01\/icon-arm-muscle.svg\" width=\"96\" height=\"90\" alt=\"\"><\/span><p>Energie &amp; M\u00fcdigkeit<\/p><\/a><\/li><li class=\"splide__slide\"><a href=\"https:\/\/premiostore.eu\/de\/produktkategorie\/erholung-allgemein\/\" class=\"product-cat-item\"><span class=\"item__thumb\"><img loading=\"lazy\" decoding=\"async\" src=\"https:\/\/premiostore.eu\/wp-content\/uploads\/2026\/02\/icon-rotate.svg\" width=\"512\" height=\"512\" alt=\"\"><\/span><p>Erholung (allgemein)<\/p><\/a><\/li><li class=\"splide__slide\"><a href=\"https:\/\/premiostore.eu\/de\/produktkategorie\/erholung-training-koerperliche-belastung\/\" class=\"product-cat-item\"><span class=\"item__thumb\"><img loading=\"lazy\" decoding=\"async\" src=\"https:\/\/premiostore.eu\/wp-content\/uploads\/2026\/02\/icon-recovery.svg\" width=\"512\" height=\"512\" alt=\"\"><\/span><p>Erholung (Training &amp; k\u00f6rperliche Belastung)<\/p><\/a><\/li><li class=\"splide__slide\"><a href=\"https:\/\/premiostore.eu\/de\/produktkategorie\/frauen\/\" class=\"product-cat-item\"><span class=\"item__thumb\"><img loading=\"lazy\" decoding=\"async\" src=\"https:\/\/premiostore.eu\/wp-content\/uploads\/2026\/02\/icon-female.svg\" width=\"512\" height=\"512\" alt=\"\"><\/span><p>F\u00fcr Frauen<\/p><\/a><\/li><li class=\"splide__slide\"><a href=\"https:\/\/premiostore.eu\/de\/produktkategorie\/gehirn-gedaechtnis-konzentration\/\" class=\"product-cat-item\"><span class=\"item__thumb\"><img loading=\"lazy\" decoding=\"async\" src=\"https:\/\/premiostore.eu\/wp-content\/uploads\/2026\/02\/icon-brain.svg\" width=\"512\" height=\"512\" alt=\"\"><\/span><p>Gehirn, Ged\u00e4chtnis &amp; Konzentration<\/p><\/a><\/li><li class=\"splide__slide\"><a href=\"https:\/\/premiostore.eu\/de\/produktkategorie\/gewichtsreduktion-stoffwechsel\/\" class=\"product-cat-item\"><span class=\"item__thumb\"><img loading=\"lazy\" decoding=\"async\" src=\"https:\/\/premiostore.eu\/wp-content\/uploads\/2026\/02\/icon-scale.svg\" width=\"512\" height=\"512\" alt=\"\"><\/span><p>Gewichtsreduktion &amp; Stoffwechsel<\/p><\/a><\/li><li class=\"splide__slide\"><a href=\"https:\/\/premiostore.eu\/de\/produktkategorie\/herz-kreislauf-cholesterin\/\" class=\"product-cat-item\"><span class=\"item__thumb\"><img loading=\"lazy\" decoding=\"async\" src=\"https:\/\/premiostore.eu\/wp-content\/uploads\/2026\/02\/icon-heart.svg\" width=\"512\" height=\"512\" alt=\"\"><\/span><p>Herz, Kreislauf &amp; Cholesterin<\/p><\/a><\/li><li class=\"splide__slide\"><a href=\"https:\/\/premiostore.eu\/de\/produktkategorie\/immunsystem\/\" class=\"product-cat-item\"><span class=\"item__thumb\"><img loading=\"lazy\" decoding=\"async\" src=\"https:\/\/premiostore.eu\/wp-content\/uploads\/2026\/02\/icon-immunity.svg\" width=\"64\" height=\"64\" alt=\"\"><\/span><p>Immunsystem<\/p><\/a><\/li><li class=\"splide__slide\"><a href=\"https:\/\/premiostore.eu\/de\/produktkategorie\/knochen-gelenke\/\" class=\"product-cat-item\"><span class=\"item__thumb\"><img loading=\"lazy\" decoding=\"async\" src=\"https:\/\/premiostore.eu\/wp-content\/uploads\/2026\/01\/icon-joint.svg\" width=\"86\" height=\"96\" alt=\"\"><\/span><p>Knochen- und Gelenkgesundheit<\/p><\/a><\/li><li class=\"splide__slide\"><a href=\"https:\/\/premiostore.eu\/de\/produktkategorie\/obere-atemwege\/\" class=\"product-cat-item\"><span class=\"item__thumb\"><img loading=\"lazy\" decoding=\"async\" src=\"https:\/\/premiostore.eu\/wp-content\/uploads\/2026\/02\/icon-breathing.svg\" width=\"512\" height=\"512\" alt=\"\"><\/span><p>Obere Atemwege<\/p><\/a><\/li><\/ul><\/div><div class=\"splide__arrows\"><button class=\"splide__arrow splide__arrow--prev\"><svg xmlns=\"http:\/\/www.w3.org\/2000\/svg\" width=\"21.335\" height=\"16.002\" viewBox=\"0 0 21.335 16.002\"><path d=\"M12089.675,22381.664a1.079,1.079,0,0,0,0-1.617l-5.391-4.9h15.8a1.146,1.146,0,1,0,0-2.283h-15.793l5.385-4.906a1.079,1.079,0,0,0,0-1.617,1.342,1.342,0,0,0-1.775,0l-7.532,6.859a1.067,1.067,0,0,0,0,1.611l7.532,6.857a1.335,1.335,0,0,0,1.775,0Z\" transform=\"translate(-12080 -22366)\" fill=\"currentColor\"\/><\/svg><\/button><button class=\"splide__arrow splide__arrow--next\"><svg xmlns=\"http:\/\/www.w3.org\/2000\/svg\" width=\"21.335\" height=\"16.002\" viewBox=\"0 0 21.335 16.002\"><path d=\"M12091.661,22381.664a1.079,1.079,0,0,1,0-1.617l5.391-4.9h-15.8a1.146,1.146,0,1,1,0-2.283h15.793l-5.385-4.906a1.079,1.079,0,0,1,0-1.617,1.342,1.342,0,0,1,1.775,0l7.532,6.859a1.067,1.067,0,0,1,0,1.611l-7.532,6.857a1.335,1.335,0,0,1-1.775,0Z\" transform=\"translate(-12080.001 -22366)\" fill=\"currentColor\"\/><\/svg><\/button><\/div><\/div><div class=\"block__footer text-center\"><div class=\"wp-block-button is-style-w-arrow\"><a href=\"https:\/\/premiostore.eu\/pood\/\" class=\"wp-block-button__link has-primary-300-background-color\">Produkte ansehen<\/a><\/div><\/div><\/div>\n\n<div class=\"ama-block block-txtmedia reverse-order has-stencil\"><div class=\"block__body\"><div class=\"body__content\">\n\n<h2 class=\"wp-block-heading wp-el\"><strong>Wenn wir Unterst\u00fctzung brauchen, um\u2026<\/strong><\/h2>\n\n\n\n<ul class=\"wp-block-list wp-el\">\n<li>die k\u00f6rperliche und geistige Leistungsf\u00e4higkeit zu unterst\u00fctzen;<\/li>\n\n\n\n<li>Beschwerden im Zusammenhang mit chronischen Erkrankungen zu lindern;<\/li>\n\n\n\n<li>die metabolische, entz\u00fcndungshemmende und immunologische Leistungsf\u00e4higkeit des K\u00f6rpers zu f\u00f6rdern;<\/li>\n\n\n\n<li>die Erholung nach Krankheiten (einschlie\u00dflich COVID) oder Operationen zu unterst\u00fctzen;<\/li>\n\n\n\n<li>M\u00e4ngel bestimmter N\u00e4hrstoffe unter den aktuellen Lebensbedingungen auszugleichen;<\/li>\n\n\n\n<li>vorzeitiger Alterung entgegenzuwirken;<\/li>\n<\/ul>\n\n<\/div><div class=\"body__media\"><div class=\"splide ama_light_gallery_block\" data-splide={\"type\":\"fade\",\"arrows\":false,\"pagination\":false}><div class=\"splide__track\"><ul class=\"splide__list\"><li class=\"splide__slide\"><a href=\"https:\/\/premiostore.eu\/wp-content\/uploads\/2026\/01\/father-child-and-hands-on-eyes-in-piggyback-for-p-2025-04-06-10-10-34-utc-1280x818.jpg\"><img loading=\"lazy\" decoding=\"async\" width=\"510\" height=\"510\" src=\"https:\/\/premiostore.eu\/wp-content\/uploads\/2026\/01\/father-child-and-hands-on-eyes-in-piggyback-for-p-2025-04-06-10-10-34-utc-510x510.jpg\" class=\"attachment-woocommerce_single size-woocommerce_single\" alt=\"\" srcset=\"https:\/\/premiostore.eu\/wp-content\/uploads\/2026\/01\/father-child-and-hands-on-eyes-in-piggyback-for-p-2025-04-06-10-10-34-utc-510x510.jpg 510w, https:\/\/premiostore.eu\/wp-content\/uploads\/2026\/01\/father-child-and-hands-on-eyes-in-piggyback-for-p-2025-04-06-10-10-34-utc-250x250.jpg 250w, https:\/\/premiostore.eu\/wp-content\/uploads\/2026\/01\/father-child-and-hands-on-eyes-in-piggyback-for-p-2025-04-06-10-10-34-utc-80x80.jpg 80w\" sizes=\"auto, (max-width: 510px) 100vw, 510px\" \/><\/a><\/li><\/ul><\/div><\/div><span class=\"bm__icon\"><\/span><\/div><\/div><\/div>\n\n<div class=\"ama-block block-cover-comment full-width\"><div class=\"block__body\"><div class=\"body__content classic-editor\"><h2>Eine Geschichte, die mit der Vision begann, Premium- Nahrungs&shy;erg\u00e4nzungsmittel zu schaffen.<\/h2><p>Eine Vision, die ein unabh\u00e4ngiges und international kompetentes wissenschaftliches Komitee zusammenbrachte, geleitet von dem national anerkannten Wissenschaftskommunikator, dem hochgesch\u00e4tzten Arztwissenschaftler und Professor f\u00fcr medizinische Biochemie Mihkel Zilmer.<\/p>\n<img decoding=\"async\" width=\"290\" height=\"290\" src=\"https:\/\/premiostore.eu\/wp-content\/uploads\/bis-images\/1783\/pexels-mikhail-nilov-8863039-290x290-f50_50.jpg\" class=\"attachment-290x290\" alt=\"pexels-mikhail-nilov-8863039\" loading=\"lazy\" \/><\/div><div class=\"body__side\"><img decoding=\"async\" width=\"370\" height=\"370\" src=\"https:\/\/premiostore.eu\/wp-content\/uploads\/bis-images\/1394\/Mihkel-Zilmer_autor-Andres-Tennus-370x370-f50_50.png\" class=\"attachment-370x370\" alt=\"Mihkel Zilmer_autor Andres Tennus\" loading=\"lazy\" \/><p class=\"comment--bubble\">Eine Vision, die f\u00fchrende Biotech-Unternehmen inspirierte, ihre Spitzenforschung f\u00fcr ein innovatives Konzept bereitzustellen.<\/p><div class=\"comment--author\"><p class=\"is-title\">Mihkel Zilmer<\/p><p>Professor f\u00fcr medizinische Biochemie, Dr. med.<\/p><\/div><\/div><\/div><div class=\"block__bg\"><img decoding=\"async\" width=\"1920\" height=\"920\" src=\"https:\/\/premiostore.eu\/wp-content\/uploads\/bis-images\/1797\/kapsel_uus-1920x920-f50_50.png\" class=\"attachment-1920x920\" alt=\"kapsel_uus\" loading=\"lazy\" \/><\/div><\/div>\n\n<div class=\"ama-block block-txtmedia has-stencil\"><div class=\"block__body\"><div class=\"body__content\">\n\n<h2 class=\"wp-block-heading has-semi-giant-font-size wp-el\">PREMIO\u00ae KONZEPT \u2013 ein radikal neuer Ansatz, der Spitzen\u00adwissenschaft, Ethik sowie praktische Bildung und Unterst\u00fctzung der Menschen vereint.<\/h2>\n\n\n\n<p class=\"wp-el\">PREMIO\u00ae hat einen neuen systematischen und innovativen Standard gesetzt, indem es <strong>\u201ewissenschaftlich und klinisch validierte Premium-Generation Top-Nahrungserg\u00e4nzungsmittel\u201c<\/strong> einf\u00fchrte und damit eine v\u00f6llig neue \u00c4ra in der sogenannten Welt der Nahrungserg\u00e4nzungsmittel eingel\u00e4utet hat.<\/p>\n\n<\/div><div class=\"body__media\"><div class=\"splide ama_light_gallery_block\" data-splide={\"type\":\"fade\",\"arrows\":false,\"pagination\":false}><div class=\"splide__track\"><ul class=\"splide__list\"><li class=\"splide__slide\"><a href=\"https:\/\/premiostore.eu\/wp-content\/uploads\/2026\/01\/happy-family-walking-on-the-beach-together-young-2025-04-06-10-04-11-utc-1280x712.jpg\"><img decoding=\"async\" width=\"510\" height=\"680\" src=\"https:\/\/premiostore.eu\/wp-content\/uploads\/bis-images\/1234\/happy-family-walking-on-the-beach-together-young-2025-04-06-10-04-11-utc-510x680-f50_50.jpg\" class=\"attachment-510x680\" alt=\"Happy family walking on the beach together. Young caucasian family relaxing together on the beach. .\" loading=\"lazy\" \/><\/a><\/li><\/ul><\/div><\/div><span class=\"bm__icon\"><\/span><\/div><\/div><\/div>\n\n<div class=\"ama-block block-narrow-container is-style-stencil-tl\"><div class=\"block__body\">\n\n<h2 class=\"wp-block-heading has-text-align-center wp-el\">Der neue innovative Standard ist ein klarer, pr\u00e4ziser, zuverl\u00e4ssiger und systematischer klinisch-wissenschaftlicher \u201eFilter\u201c.<\/h2>\n\n\n\n<p class=\"has-text-align-center wp-el\">Es hilft den Menschen, die wissenschaftlich fundierten Top-Nahrungserg\u00e4nzungsmittel der neuen Premium-Generation von der restlichen Masse zu unterscheiden, die keine systematische Evidenz aufweist.<\/p>\n\n\n\n<div class=\"wp-block-buttons is-content-justification-center is-layout-flex wp-container-core-buttons-is-layout-a89b3969 wp-block-buttons-is-layout-flex\">\n<div class=\"wp-block-button is-style-w-arrow\"><a class=\"wp-block-button__link has-primary-300-background-color has-background wp-element-button\" href=\"https:\/\/premiostore.eu\/de\/meie-lugu\/\">Mehr erfahren<\/a><\/div>\n<\/div>\n\n<\/div><span class=\"is-stencil\"><\/span><\/div>\n\n<div class=\"ama-block block-logos\"><div class=\"block__body\"><div class=\"d-flex\"><div class=\"logo-item\"><img decoding=\"async\" width=\"170\" height=\"38\" src=\"https:\/\/premiostore.eu\/wp-content\/uploads\/bis-images\/1318\/logo-lipisperse-170x65.png\" class=\"attachment-170x65\" alt=\"logo-lipisperse\" loading=\"lazy\" \/><\/div><div class=\"logo-item\"><img decoding=\"async\" width=\"150\" height=\"22\" src=\"https:\/\/premiostore.eu\/wp-content\/uploads\/bis-images\/1252\/logo-aquacelle-170x65.png\" class=\"attachment-170x65\" alt=\"logo-aquacelle\" loading=\"lazy\" \/><\/div><div class=\"logo-item\"><img decoding=\"async\" width=\"170\" height=\"42\" src=\"https:\/\/premiostore.eu\/wp-content\/uploads\/bis-images\/1314\/cpo-logo-170x65.png\" class=\"attachment-170x65\" alt=\"cpo-logo\" loading=\"lazy\" \/><\/div><div class=\"logo-item\"><img decoding=\"async\" width=\"118\" height=\"65\" src=\"https:\/\/premiostore.eu\/wp-content\/uploads\/bis-images\/1304\/logo-plexozome-170x65.png\" class=\"attachment-170x65\" alt=\"logo-plexozome\" loading=\"lazy\" \/><\/div><div class=\"logo-item\"><img decoding=\"async\" width=\"152\" height=\"65\" src=\"https:\/\/premiostore.eu\/wp-content\/uploads\/bis-images\/1310\/qualitysilver-logo-170x65.png\" class=\"attachment-170x65\" alt=\"qualitysilver-logo\" loading=\"lazy\" \/><\/div><div class=\"logo-item\"><img decoding=\"async\" width=\"150\" height=\"59\" src=\"https:\/\/premiostore.eu\/wp-content\/uploads\/bis-images\/1244\/phytosome_tm-170x65.png\" class=\"attachment-170x65\" alt=\"phytosome_tm\" loading=\"lazy\" \/><\/div><\/div><\/div><\/div>\n\n<div class=\"ama-block block-comment-bubbles\" data-comment-bubbles><div class=\"block__header text-center\"><h2 class=\"has-semi-giant-font-size\">Du musst kein Arzt, Biochemiker oder Physiologe sein und nicht alle Antworten kennen\u2026<\/h2><\/div><div class=\"block__body\"><div class=\"grid-sizer\"><\/div><div class=\"comment--bubble is-bubble8\"><div class=\"bubble-inner\"><p>Ist eine hohe Bioverf\u00fcgbarkeit f\u00fcr gezielte Wirkungen sichergestellt?<\/p><\/div><\/div><div class=\"comment--bubble is-bubble8\"><div class=\"bubble-inner\"><p>Ist die Vertr\u00e4glichkeit mit dem Darmmikrobiom gew\u00e4hrleistet?<\/p><\/div><\/div><div class=\"comment--bubble is-bubble11\"><div class=\"bubble-inner\"><p>Sind Studien zur sehr guten Absorption dieses Pr\u00e4parats in hochrangigen internationalen Fachzeitschriften ver\u00f6ffentlicht?<\/p><\/div><\/div><div class=\"comment--bubble is-bubble4\"><div class=\"bubble-inner\"><p>Sind die bestm\u00f6gliche Stabilit\u00e4t und Sicherheit des Wirkstoffs gew\u00e4hrleistet?<\/p><\/div><\/div><div class=\"comment--bubble is-bubble6\"><div class=\"bubble-inner\"><p>Ist die liposomale Technologie patentiert?<\/p><\/div><\/div><div class=\"comment--bubble is-bubble8\"><div class=\"bubble-inner\"><p>Erfolgt die Herstellung in einer international validierten Produktionsst\u00e4tte (z.\u202fB. FDA)?<\/p><\/div><\/div><div class=\"comment--bubble is-bubble4\"><div class=\"bubble-inner\"><p>Wurden die klinischen Studien dieses Pr\u00e4parats in international renommierten Fachzeitschriften publiziert?<\/p><\/div><\/div><div class=\"comment--bubble is-bubble8\"><div class=\"bubble-inner\"><p>Sind die Wirkstoffe authentisch und von nachweislich wissenschaftlicher Herkunft?<\/p><\/div><\/div><div class=\"comment--bubble is-bubble2\"><div class=\"bubble-inner\"><p>Haben die Partikel die richtigen Gr\u00f6\u00dfen und Oberfl\u00e4chenladungen?<\/p><\/div><\/div><\/div><\/div>\n\n<div class=\"ama-block block-separator full-width\"><\/div>\n\n<div class=\"ama-block block-narrow-container\"><div class=\"block__body\">\n<div class=\"ama-block block-boxed\">\n\n<p class=\"has-text-align-center wp-el\">PREMIO\u00ae hat all diese komplexen und schwierigen Fragen f\u00fcr dich beantwortet und die bestm\u00f6glichen Entscheidungen in deinem Sinne getroffen<\/p>\n\n\n\n<h2 class=\"wp-block-heading has-text-align-center has-semi-giant-font-size wp-el\">Das ist PREMIO\u00ae \u2013 die Top-Nahrungs\u00aderg\u00e4nzungsmittel der neuen Premium-Generation.<\/h2>\n\n\n\n<div class=\"wp-block-buttons is-content-justification-center is-layout-flex wp-container-core-buttons-is-layout-a89b3969 wp-block-buttons-is-layout-flex\">\n<div class=\"wp-block-button is-style-w-arrow\"><a class=\"wp-block-button__link has-primary-300-background-color has-background wp-element-button\" href=\"https:\/\/premiostore.eu\/de\/pood\/\">Portfolio entdecken<\/a><\/div>\n<\/div>\n\n<\/div>\n<\/div><\/div>\n\n<div class=\"ama-block block-creviews is-style-slider breakout\"><div class=\"block__body splide breakout\" data-splide='{&quot;gap&quot;:&quot;var(--ama-gutter-double-x)&quot;,&quot;perPage&quot;:3,&quot;breakpoints&quot;:{&quot;767&quot;:{&quot;perPage&quot;:1},&quot;991&quot;:{&quot;perPage&quot;:2}},&quot;pagination&quot;:false}'><div class=\"splide__track\"><ul class=\"splide__list\"><li class=\"splide__slide\"><div class=\"review-item\"><div class=\"item__avatar\"><div class=\"avatar\" style=\"color:#ffffff; background-color:#5d4037;\">A<\/div><div class=\"item__meta\"><p class=\"item__name\">Agne<\/p><div class=\"item__rating\"><div class=\"ama-star-rating position-relative\" style=\"width:104px; height:16px;\">\n\n        <span style=\"display:grid; grid-template-columns:repeat(5,16px); gap:6px; width:100%;\"><svg xmlns=\"http:\/\/www.w3.org\/2000\/svg\" width=\"16\" height=\"16\" viewBox=\"0 0 16 16\"><path d=\"M8,0l2.8,4.792L16,6.111l-3.47,4.281L12.944,16,8,13.853,3.056,16l.414-5.608L0,6.111,5.2,4.792Z\" fill=\"#fb8e28\"\/><\/svg><svg xmlns=\"http:\/\/www.w3.org\/2000\/svg\" width=\"16\" height=\"16\" viewBox=\"0 0 16 16\"><path d=\"M8,0l2.8,4.792L16,6.111l-3.47,4.281L12.944,16,8,13.853,3.056,16l.414-5.608L0,6.111,5.2,4.792Z\" fill=\"#fb8e28\"\/><\/svg><svg xmlns=\"http:\/\/www.w3.org\/2000\/svg\" width=\"16\" height=\"16\" viewBox=\"0 0 16 16\"><path d=\"M8,0l2.8,4.792L16,6.111l-3.47,4.281L12.944,16,8,13.853,3.056,16l.414-5.608L0,6.111,5.2,4.792Z\" fill=\"#fb8e28\"\/><\/svg><svg xmlns=\"http:\/\/www.w3.org\/2000\/svg\" width=\"16\" height=\"16\" viewBox=\"0 0 16 16\"><path d=\"M8,0l2.8,4.792L16,6.111l-3.47,4.281L12.944,16,8,13.853,3.056,16l.414-5.608L0,6.111,5.2,4.792Z\" fill=\"#fb8e28\"\/><\/svg><svg xmlns=\"http:\/\/www.w3.org\/2000\/svg\" width=\"16\" height=\"16\" viewBox=\"0 0 16 16\"><path d=\"M8,0l2.8,4.792L16,6.111l-3.47,4.281L12.944,16,8,13.853,3.056,16l.414-5.608L0,6.111,5.2,4.792Z\" fill=\"#fb8e28\"\/><\/svg><\/span>\n\n    <\/div><span class=\"item__score\">5\/5<\/span><\/div><\/div><\/div><div class=\"item__content\"><div class=\"inner\"><p>Ich verwende die PREMIO Nahrungserg\u00e4nzungsmittel der neuen Generation bereits seit zwei Jahren. Sie haben mir geholfen, meinen K\u00f6rper und Geist hervorragend zu regenerieren und ins Gleichgewicht zu bringen\u2026<\/p><\/div><\/div><\/div><\/li><li class=\"splide__slide\"><div class=\"review-item\"><div class=\"item__avatar\"><div class=\"avatar\" style=\"color:#ffffff; background-color:#0288d1;\">E<\/div><div class=\"item__meta\"><p class=\"item__name\">Epp Saarmann<\/p><div class=\"item__rating\"><div class=\"ama-star-rating position-relative\" style=\"width:104px; height:16px;\">\n\n        <span style=\"display:grid; grid-template-columns:repeat(5,16px); gap:6px; width:100%;\"><svg xmlns=\"http:\/\/www.w3.org\/2000\/svg\" width=\"16\" height=\"16\" viewBox=\"0 0 16 16\"><path d=\"M8,0l2.8,4.792L16,6.111l-3.47,4.281L12.944,16,8,13.853,3.056,16l.414-5.608L0,6.111,5.2,4.792Z\" fill=\"#fb8e28\"\/><\/svg><svg xmlns=\"http:\/\/www.w3.org\/2000\/svg\" width=\"16\" height=\"16\" viewBox=\"0 0 16 16\"><path d=\"M8,0l2.8,4.792L16,6.111l-3.47,4.281L12.944,16,8,13.853,3.056,16l.414-5.608L0,6.111,5.2,4.792Z\" fill=\"#fb8e28\"\/><\/svg><svg xmlns=\"http:\/\/www.w3.org\/2000\/svg\" width=\"16\" height=\"16\" viewBox=\"0 0 16 16\"><path d=\"M8,0l2.8,4.792L16,6.111l-3.47,4.281L12.944,16,8,13.853,3.056,16l.414-5.608L0,6.111,5.2,4.792Z\" fill=\"#fb8e28\"\/><\/svg><svg xmlns=\"http:\/\/www.w3.org\/2000\/svg\" width=\"16\" height=\"16\" viewBox=\"0 0 16 16\"><path d=\"M8,0l2.8,4.792L16,6.111l-3.47,4.281L12.944,16,8,13.853,3.056,16l.414-5.608L0,6.111,5.2,4.792Z\" fill=\"#fb8e28\"\/><\/svg><svg xmlns=\"http:\/\/www.w3.org\/2000\/svg\" width=\"16\" height=\"16\" viewBox=\"0 0 16 16\"><path d=\"M8,0l2.8,4.792L16,6.111l-3.47,4.281L12.944,16,8,13.853,3.056,16l.414-5.608L0,6.111,5.2,4.792Z\" fill=\"#fb8e28\"\/><\/svg><\/span>\n\n    <\/div><span class=\"item__score\">5\/5<\/span><\/div><\/div><\/div><div class=\"item__content\"><div class=\"inner\"><p>Ich habe festgestellt, dass die von mir eingenommenen Nahrungserg\u00e4nzungsmittel meine Schlafqualit\u00e4t deutlich verbessert und meine Verdauung optimiert haben. Daher werde ich sie definitiv weiterhin verwenden\u2026<\/p><\/div><\/div><\/div><\/li><li class=\"splide__slide\"><div class=\"review-item\"><div class=\"item__avatar\"><div class=\"avatar\" style=\"color:#fff; background-color:#8d6e63;\">K<\/div><div class=\"item__meta\"><p class=\"item__name\">Kristel Trell<\/p><div class=\"item__rating\"><div class=\"ama-star-rating position-relative\" style=\"width:104px; height:16px;\">\n\n        <span style=\"display:grid; grid-template-columns:repeat(5,16px); gap:6px; width:100%;\"><svg xmlns=\"http:\/\/www.w3.org\/2000\/svg\" width=\"16\" height=\"16\" viewBox=\"0 0 16 16\"><path d=\"M8,0l2.8,4.792L16,6.111l-3.47,4.281L12.944,16,8,13.853,3.056,16l.414-5.608L0,6.111,5.2,4.792Z\" fill=\"#fb8e28\"\/><\/svg><svg xmlns=\"http:\/\/www.w3.org\/2000\/svg\" width=\"16\" height=\"16\" viewBox=\"0 0 16 16\"><path d=\"M8,0l2.8,4.792L16,6.111l-3.47,4.281L12.944,16,8,13.853,3.056,16l.414-5.608L0,6.111,5.2,4.792Z\" fill=\"#fb8e28\"\/><\/svg><svg xmlns=\"http:\/\/www.w3.org\/2000\/svg\" width=\"16\" height=\"16\" viewBox=\"0 0 16 16\"><path d=\"M8,0l2.8,4.792L16,6.111l-3.47,4.281L12.944,16,8,13.853,3.056,16l.414-5.608L0,6.111,5.2,4.792Z\" fill=\"#fb8e28\"\/><\/svg><svg xmlns=\"http:\/\/www.w3.org\/2000\/svg\" width=\"16\" height=\"16\" viewBox=\"0 0 16 16\"><path d=\"M8,0l2.8,4.792L16,6.111l-3.47,4.281L12.944,16,8,13.853,3.056,16l.414-5.608L0,6.111,5.2,4.792Z\" fill=\"#fb8e28\"\/><\/svg><svg xmlns=\"http:\/\/www.w3.org\/2000\/svg\" width=\"16\" height=\"16\" viewBox=\"0 0 16 16\"><path d=\"M8,0l2.8,4.792L16,6.111l-3.47,4.281L12.944,16,8,13.853,3.056,16l.414-5.608L0,6.111,5.2,4.792Z\" fill=\"#fb8e28\"\/><\/svg><\/span>\n\n    <\/div><span class=\"item__score\">5\/5<\/span><\/div><\/div><\/div><div class=\"item__content\"><div class=\"inner\"><p>Am wichtigsten ist, dass die PREMIO Magnesiumpr\u00e4parate mir geholfen haben, jahrelange Schlaflosigkeit zu \u00fcberwinden und meine Wadenkr\u00e4mpfe zu lindern \u2013 und als Bonus\u2026<\/p><\/div><\/div><\/div><\/li><\/ul><\/div><div class=\"splide__arrows\"><button class=\"splide__arrow splide__arrow--prev\"><svg xmlns=\"http:\/\/www.w3.org\/2000\/svg\" width=\"21.335\" height=\"16.002\" viewBox=\"0 0 21.335 16.002\"><path d=\"M12089.675,22381.664a1.079,1.079,0,0,0,0-1.617l-5.391-4.9h15.8a1.146,1.146,0,1,0,0-2.283h-15.793l5.385-4.906a1.079,1.079,0,0,0,0-1.617,1.342,1.342,0,0,0-1.775,0l-7.532,6.859a1.067,1.067,0,0,0,0,1.611l7.532,6.857a1.335,1.335,0,0,0,1.775,0Z\" transform=\"translate(-12080 -22366)\" fill=\"currentColor\"\/><\/svg><\/button><button class=\"splide__arrow splide__arrow--next\"><svg xmlns=\"http:\/\/www.w3.org\/2000\/svg\" width=\"21.335\" height=\"16.002\" viewBox=\"0 0 21.335 16.002\"><path d=\"M12091.661,22381.664a1.079,1.079,0,0,1,0-1.617l5.391-4.9h-15.8a1.146,1.146,0,1,1,0-2.283h15.793l-5.385-4.906a1.079,1.079,0,0,1,0-1.617,1.342,1.342,0,0,1,1.775,0l7.532,6.859a1.067,1.067,0,0,1,0,1.611l-7.532,6.857a1.335,1.335,0,0,1-1.775,0Z\" transform=\"translate(-12080.001 -22366)\" fill=\"currentColor\"\/><\/svg><\/button><\/div><\/div><\/div>","protected":false},"excerpt":{"rendered":"","protected":false},"author":1,"featured_media":0,"parent":0,"menu_order":0,"comment_status":"closed","ping_status":"closed","template":"","meta":{"_acf_changed":false,"footnotes":""},"class_list":["post-934","page","type-page","status-publish","hentry"],"acf":[],"_links":{"self":[{"href":"https:\/\/premiostore.eu\/de\/wp-json\/wp\/v2\/pages\/934","targetHints":{"allow":["GET"]}}],"collection":[{"href":"https:\/\/premiostore.eu\/de\/wp-json\/wp\/v2\/pages"}],"about":[{"href":"https:\/\/premiostore.eu\/de\/wp-json\/wp\/v2\/types\/page"}],"author":[{"embeddable":true,"href":"https:\/\/premiostore.eu\/de\/wp-json\/wp\/v2\/users\/1"}],"replies":[{"embeddable":true,"href":"https:\/\/premiostore.eu\/de\/wp-json\/wp\/v2\/comments?post=934"}],"version-history":[{"count":1,"href":"https:\/\/premiostore.eu\/de\/wp-json\/wp\/v2\/pages\/934\/revisions"}],"predecessor-version":[{"id":19305,"href":"https:\/\/premiostore.eu\/de\/wp-json\/wp\/v2\/pages\/934\/revisions\/19305"}],"wp:attachment":[{"href":"https:\/\/premiostore.eu\/de\/wp-json\/wp\/v2\/media?parent=934"}],"curies":[{"name":"wp","href":"https:\/\/api.w.org\/{rel}","templated":true}]}}