{"id":1003,"date":"2026-01-31T12:01:49","date_gmt":"2026-01-31T10:01:49","guid":{"rendered":"https:\/\/premiostore.eu\/toode\/premio-tumeda-sokolaadi-acticoa-parlid-90g\/"},"modified":"2026-03-30T15:08:07","modified_gmt":"2026-03-30T12:08:07","slug":"premio-tumeda-sokolaadi-acticoa-parlid-90g","status":"publish","type":"product","link":"https:\/\/premiostore.eu\/de\/produkt\/premio-tumeda-sokolaadi-acticoa-parlid-90g\/","title":{"rendered":"PREMIO\u00ae Dunkle Schokolade (ACTICOA\u2122) Perlen, 90 g"},"excerpt":{"rendered":"<p data-start=\"0\" data-end=\"206\">ACTICOA\u2122 ist die weltweit erste Schokolade, die die Genehmigung erhalten hat, einen offiziellen EU-Gesundheitsanspruch zu verwenden, basierend auf klinischen Studien (die Genehmigung wurde auch verl\u00e4ngert).<\/p>\n<p data-start=\"208\" data-end=\"629\" data-is-last-node=\"\" data-is-only-node=\"\">Die dunklen Schokoladenperlen bestehen zu 100 % aus ACTICOA\u2122-Schokolade und bewahren alle nat\u00fcrlichen Vorteile des Kakaobohnen ohne zus\u00e4tzliche Zusatzstoffe. Forschungen zeigen, dass der Verzehr von mindestens 10 ACTICOA\u2122-Schokoladenperlen (die 200 mg Kakaoflavanole enthalten) pro Tag einen positiven Einfluss auf die Gesundheit hat. Die maximale Wirkung wird 2 Stunden nach dem Verzehr erreicht und h\u00e4lt 6-8 Stunden an.<\/p>\n<p data-start=\"208\" data-end=\"629\" data-is-last-node=\"\" data-is-only-node=\"\">EU offizieller Gesundheitsanspruch: Kakaoflavanole tragen zur Erhaltung der Elastizit\u00e4t der Blutgef\u00e4\u00dfe bei, was zur normalen Blutzirkulation beitr\u00e4gt (wenn mindestens 200 mg Kakaoflavanole konsumiert werden).<\/p>\n","protected":false},"featured_media":1491,"template":"","meta":{"_acf_changed":false},"product_brand":[],"product_cat":[57],"product_tag":[],"class_list":{"0":"post-1003","1":"product","2":"type-product","3":"status-publish","4":"has-post-thumbnail","6":"product_cat-herz-kreislauf-cholesterin","8":"first","9":"instock","10":"shipping-taxable","11":"purchasable","12":"product-type-simple"},"acf":[],"_links":{"self":[{"href":"https:\/\/premiostore.eu\/de\/wp-json\/wp\/v2\/product\/1003","targetHints":{"allow":["GET"]}}],"collection":[{"href":"https:\/\/premiostore.eu\/de\/wp-json\/wp\/v2\/product"}],"about":[{"href":"https:\/\/premiostore.eu\/de\/wp-json\/wp\/v2\/types\/product"}],"wp:featuredmedia":[{"embeddable":true,"href":"https:\/\/premiostore.eu\/de\/wp-json\/wp\/v2\/media\/1491"}],"wp:attachment":[{"href":"https:\/\/premiostore.eu\/de\/wp-json\/wp\/v2\/media?parent=1003"}],"wp:term":[{"taxonomy":"product_brand","embeddable":true,"href":"https:\/\/premiostore.eu\/de\/wp-json\/wp\/v2\/product_brand?post=1003"},{"taxonomy":"product_cat","embeddable":true,"href":"https:\/\/premiostore.eu\/de\/wp-json\/wp\/v2\/product_cat?post=1003"},{"taxonomy":"product_tag","embeddable":true,"href":"https:\/\/premiostore.eu\/de\/wp-json\/wp\/v2\/product_tag?post=1003"}],"curies":[{"name":"wp","href":"https:\/\/api.w.org\/{rel}","templated":true}]}}