{"id":1009,"date":"2026-01-31T11:56:36","date_gmt":"2026-01-31T09:56:36","guid":{"rendered":"https:\/\/premiostore.eu\/toode\/premio-astaksantiin-aquacelleastareal\/"},"modified":"2026-04-08T12:00:36","modified_gmt":"2026-04-08T09:00:36","slug":"premio-astaksantiin-aquacelleastareal","status":"publish","type":"product","link":"https:\/\/premiostore.eu\/de\/produkt\/premio-astaksantiin-aquacelleastareal\/","title":{"rendered":"PREMIO\u00ae Astaxanthin (AquaCelle\u00aeAstaReal\u00ae)"},"excerpt":{"rendered":"<h6><span style=\"color: #c0c0c0;\">NAHRUNGSERG\u00c4NZUNGSMITTEL<\/span><\/h6>\n<p class=\"\" data-start=\"0\" data-end=\"496\">In der heutigen Welt ist die Erhaltung der Gesundheit von Augen und Haut zunehmend dringlicher geworden. Daher kann es notwendig sein, wissenschaftlich fundierte unterst\u00fctzende N\u00e4hrstoffe zu verwenden, die speziell auf die Augen- und Hautgesundheit abzielen. Ein solcher wissenschaftlich validierter N\u00e4hrstoff \u2013 unterst\u00fctzt durch \u00fcber 150 wissenschaftliche Artikel und mehr als 85 klinische Studien \u2013 ist Astaxanthin, eine r\u00f6tliche Carotinoid-Verbindung, die aus marinen Mikroalgen gewonnen wird.<\/p>\n<p class=\"\" data-start=\"498\" data-end=\"1028\">Die einzige Marke, die wirklich evidenzbasiertes Astaxanthin bietet, ist AstaReal\u00ae Astaxanthin, das weltweit als die Nummer eins unter den Astaxanthinen anerkannt ist. Warum? Weil AstaReal\u00ae Astaxanthin nat\u00fcrlich aus der Mikroalge <em data-start=\"728\" data-end=\"753\">Haematococcus pluvialis<\/em> gewonnen wird, die durch einen patentierten Prozess in Innen-Photobioreaktoren kultiviert wird. Dies garantiert ein nat\u00fcrliches, reines Produkt, das frei von problematischen Extraktionsr\u00fcckst\u00e4nden ist und gleichzeitig seine starke nat\u00fcrliche antioxidative Kapazit\u00e4t bewahrt.<\/p>\n<p class=\"\" data-start=\"1030\" data-end=\"1690\">Um ein hochwertiges Supplement zu schaffen, m\u00fcssen jedoch noch mehrere zus\u00e4tzliche Anforderungen erf\u00fcllt werden: Es muss unter allen Bedingungen stabil bleiben, eine au\u00dfergew\u00f6hnlich hohe Bioverf\u00fcgbarkeit bieten (d.h. ausgezeichnete L\u00f6slichkeit, starke biologische Aktivit\u00e4t und die F\u00e4higkeit, die empfohlene Dosierung zu optimieren). Studien, einschlie\u00dflich klinischer Pr\u00fcfungen, best\u00e4tigen, dass die patentierten und preisgekr\u00f6nten AquaCelle\u00ae- und CPO\u00ae-Technologien diese Anforderungen erf\u00fcllen, was das PREMIO\u00ae Astaxanthin (AquaCelle\u00ae AstaReal\u00ae) -Pr\u00e4parat zu einem f\u00fchrenden, qualitativ hochwertigen liposomalen Supplement in der wissenschaftlichen Produktion und Anwendung macht.<\/p>\n","protected":false},"featured_media":1497,"template":"","meta":{"_acf_changed":false},"product_brand":[],"product_cat":[66,69,55,68,67,60,54,57,56],"product_tag":[],"class_list":{"0":"post-1009","1":"product","2":"type-product","3":"status-publish","4":"has-post-thumbnail","6":"product_cat-augen-haut","7":"product_cat-bewusstes-altern","8":"product_cat-energie-muedigkeit","9":"product_cat-erholung-allgemein","10":"product_cat-erholung-training-koerperliche-belastung","11":"product_cat-frauen","12":"product_cat-gehirn-gedaechtnis-konzentration","13":"product_cat-herz-kreislauf-cholesterin","14":"product_cat-immunsystem","16":"first","17":"instock","18":"shipping-taxable","19":"purchasable","20":"product-type-simple"},"acf":[],"_links":{"self":[{"href":"https:\/\/premiostore.eu\/de\/wp-json\/wp\/v2\/product\/1009","targetHints":{"allow":["GET"]}}],"collection":[{"href":"https:\/\/premiostore.eu\/de\/wp-json\/wp\/v2\/product"}],"about":[{"href":"https:\/\/premiostore.eu\/de\/wp-json\/wp\/v2\/types\/product"}],"wp:featuredmedia":[{"embeddable":true,"href":"https:\/\/premiostore.eu\/de\/wp-json\/wp\/v2\/media\/1497"}],"wp:attachment":[{"href":"https:\/\/premiostore.eu\/de\/wp-json\/wp\/v2\/media?parent=1009"}],"wp:term":[{"taxonomy":"product_brand","embeddable":true,"href":"https:\/\/premiostore.eu\/de\/wp-json\/wp\/v2\/product_brand?post=1009"},{"taxonomy":"product_cat","embeddable":true,"href":"https:\/\/premiostore.eu\/de\/wp-json\/wp\/v2\/product_cat?post=1009"},{"taxonomy":"product_tag","embeddable":true,"href":"https:\/\/premiostore.eu\/de\/wp-json\/wp\/v2\/product_tag?post=1009"}],"curies":[{"name":"wp","href":"https:\/\/api.w.org\/{rel}","templated":true}]}}