{"id":1015,"date":"2026-01-31T11:53:58","date_gmt":"2026-01-31T09:53:58","guid":{"rendered":"https:\/\/premiostore.eu\/toode\/premio-fisetiin-lipisperse\/"},"modified":"2026-03-31T19:08:37","modified_gmt":"2026-03-31T16:08:37","slug":"premio-fisetiin-lipisperse","status":"publish","type":"product","link":"https:\/\/premiostore.eu\/de\/produkt\/premio-fisetiin-lipisperse\/","title":{"rendered":"PREMIO\u00ae Fisetin (LipiSperse\u00ae)"},"excerpt":{"rendered":"<h6><span style=\"color: #c0c0c0;\">NAHRUNGSERG\u00c4NZUNGSMITTEL<\/span><\/h6>\n<p data-start=\"126\" data-end=\"470\">Fisetin ist ein pflanzliches Flavonoid, das in wissenschaftlichen und klinischen Studien im Zusammenhang mit dem allgemeinen Wohlbefinden und dem zellul\u00e4ren Schutz untersucht wurde. Fisetin wird antioxidative, entz\u00fcndungshemmende, neuroprotektive und zellverj\u00fcngende Eigenschaften zugeschrieben, die die normale Zellfunktion unterst\u00fctzen.<\/p>\n<p data-start=\"472\" data-end=\"935\">Damit sich diese Eigenschaften optimal entfalten k\u00f6nnen, sind eine hohe Reinheit und Bioverf\u00fcgbarkeit der Substanz entscheidend. LipiSperse\u00ae Fisetin ist eine patentierte, innovative Formulierung mit einem Fisetin-Gehalt von mindestens 95 %, die eine hervorragende Wasserl\u00f6slichkeit auch in kaltem Wasser sowie eine ausgezeichnete Bioverf\u00fcgbarkeit und Stabilit\u00e4t aufweist und so eine effektive Aufnahme und Verwertung im K\u00f6rper gew\u00e4hrleistet.<\/p>\n","protected":false},"featured_media":1500,"template":"","meta":{"_acf_changed":false},"product_brand":[],"product_cat":[69,54,57,56,71],"product_tag":[],"class_list":{"0":"post-1015","1":"product","2":"type-product","3":"status-publish","4":"has-post-thumbnail","6":"product_cat-bewusstes-altern","7":"product_cat-gehirn-gedaechtnis-konzentration","8":"product_cat-herz-kreislauf-cholesterin","9":"product_cat-immunsystem","10":"product_cat-obere-atemwege","12":"first","13":"instock","14":"shipping-taxable","15":"purchasable","16":"product-type-simple"},"acf":[],"_links":{"self":[{"href":"https:\/\/premiostore.eu\/de\/wp-json\/wp\/v2\/product\/1015","targetHints":{"allow":["GET"]}}],"collection":[{"href":"https:\/\/premiostore.eu\/de\/wp-json\/wp\/v2\/product"}],"about":[{"href":"https:\/\/premiostore.eu\/de\/wp-json\/wp\/v2\/types\/product"}],"wp:featuredmedia":[{"embeddable":true,"href":"https:\/\/premiostore.eu\/de\/wp-json\/wp\/v2\/media\/1500"}],"wp:attachment":[{"href":"https:\/\/premiostore.eu\/de\/wp-json\/wp\/v2\/media?parent=1015"}],"wp:term":[{"taxonomy":"product_brand","embeddable":true,"href":"https:\/\/premiostore.eu\/de\/wp-json\/wp\/v2\/product_brand?post=1015"},{"taxonomy":"product_cat","embeddable":true,"href":"https:\/\/premiostore.eu\/de\/wp-json\/wp\/v2\/product_cat?post=1015"},{"taxonomy":"product_tag","embeddable":true,"href":"https:\/\/premiostore.eu\/de\/wp-json\/wp\/v2\/product_tag?post=1015"}],"curies":[{"name":"wp","href":"https:\/\/api.w.org\/{rel}","templated":true}]}}