{"id":1021,"date":"2026-01-31T11:53:29","date_gmt":"2026-01-31T09:53:29","guid":{"rendered":"https:\/\/premiostore.eu\/toode\/premio-q10-aquacelle-q10\/"},"modified":"2026-03-31T19:09:14","modified_gmt":"2026-03-31T16:09:14","slug":"premio-q10-aquacelle-q10","status":"publish","type":"product","link":"https:\/\/premiostore.eu\/de\/produkt\/premio-q10-aquacelle-q10\/","title":{"rendered":"PREMIO\u00ae Coenzym Q10 (AquaCelle\u00ae Q10)"},"excerpt":{"rendered":"<h6><span style=\"color: #c0c0c0;\">NAHRUNGSERG\u00c4NZUNGSMITTEL<\/span><\/h6>\n<p data-start=\"0\" data-end=\"1587\">Coenzym Q10 sorgt f\u00fcr die Produktion von metabolischer Energie aus Kohlenhydraten, Fetten und Proteinen (die Form von Energie, die f\u00fcr K\u00f6rperfunktionen verwendet wird). Als Schl\u00fcsselkomponente im Zellenergiemanagement ist es f\u00fcr das Leben von grundlegender Bedeutung. Dar\u00fcber hinaus wirkt es als kraftvolles Antioxidans und unterst\u00fctzt andere Antioxidantien (insbesondere Vitamin E) in Zellmembranen und Blutlipoproteinen. W\u00e4hrend der K\u00f6rper eine bestimmte Menge selbst produzieren kann, ist diese in den Zellen nicht immer ausreichend: Der Herzmuskel ben\u00f6tigt kontinuierlich gr\u00f6\u00dfere Mengen, und der Bedarf steigt in Phasen intensiver k\u00f6rperlicher Belastung. Die F\u00e4higkeit des K\u00f6rpers, Q10 zu synthetisieren, erreicht mit etwa 25 Jahren ihren H\u00f6hepunkt, danach nimmt sie allm\u00e4hlich ab. Bestimmte Medikamente (z. B. einige cholesterinsenkende Mittel) k\u00f6nnen ebenfalls seine Synthese beeintr\u00e4chtigen. Daher ist eine Erg\u00e4nzung sinnvoll, aber das verwendete Produkt muss mehrere Anforderungen erf\u00fcllen: Es muss unter allen Bedingungen stabil und frei von Polysorbaten sein, eine sehr hohe Bioverf\u00fcgbarkeit besitzen (was bedeutet, dass es sich gut in Wasserumgebungen aufl\u00f6st, eine starke Wirksamkeit hat und die Aufnahmef\u00e4higkeit von Ubiquinol erreicht oder leicht \u00fcbertrifft, um die empfohlene Dosierung zu optimieren). Studien, einschlie\u00dflich klinischer Versuche, best\u00e4tigen, dass die patentierte und preisgekr\u00f6nte AquaCelle\u00ae-Technologie diese Anforderungen erf\u00fcllt und das Q10 zu einem erstklassigen liposomalen Supplement in der wissenschaftlichen Produktion und Anwendung macht.<\/p>\n","protected":false},"featured_media":1440,"template":"","meta":{"_acf_changed":false},"product_brand":[],"product_cat":[69,55,68,67,54,57,56,71],"product_tag":[],"class_list":{"0":"post-1021","1":"product","2":"type-product","3":"status-publish","4":"has-post-thumbnail","6":"product_cat-bewusstes-altern","7":"product_cat-energie-muedigkeit","8":"product_cat-erholung-allgemein","9":"product_cat-erholung-training-koerperliche-belastung","10":"product_cat-gehirn-gedaechtnis-konzentration","11":"product_cat-herz-kreislauf-cholesterin","12":"product_cat-immunsystem","13":"product_cat-obere-atemwege","15":"first","16":"instock","17":"shipping-taxable","18":"purchasable","19":"product-type-simple"},"acf":[],"_links":{"self":[{"href":"https:\/\/premiostore.eu\/de\/wp-json\/wp\/v2\/product\/1021","targetHints":{"allow":["GET"]}}],"collection":[{"href":"https:\/\/premiostore.eu\/de\/wp-json\/wp\/v2\/product"}],"about":[{"href":"https:\/\/premiostore.eu\/de\/wp-json\/wp\/v2\/types\/product"}],"wp:featuredmedia":[{"embeddable":true,"href":"https:\/\/premiostore.eu\/de\/wp-json\/wp\/v2\/media\/1440"}],"wp:attachment":[{"href":"https:\/\/premiostore.eu\/de\/wp-json\/wp\/v2\/media?parent=1021"}],"wp:term":[{"taxonomy":"product_brand","embeddable":true,"href":"https:\/\/premiostore.eu\/de\/wp-json\/wp\/v2\/product_brand?post=1021"},{"taxonomy":"product_cat","embeddable":true,"href":"https:\/\/premiostore.eu\/de\/wp-json\/wp\/v2\/product_cat?post=1021"},{"taxonomy":"product_tag","embeddable":true,"href":"https:\/\/premiostore.eu\/de\/wp-json\/wp\/v2\/product_tag?post=1021"}],"curies":[{"name":"wp","href":"https:\/\/api.w.org\/{rel}","templated":true}]}}