{"id":1027,"date":"2026-01-31T11:53:14","date_gmt":"2026-01-31T09:53:14","guid":{"rendered":"https:\/\/premiostore.eu\/toode\/premio-omega-3-mikrovetikate-omega-3\/"},"modified":"2026-03-31T19:09:44","modified_gmt":"2026-03-31T16:09:44","slug":"premio-omega-3-mikrovetikate-omega-3","status":"publish","type":"product","link":"https:\/\/premiostore.eu\/de\/produkt\/premio-omega-3-mikrovetikate-omega-3\/","title":{"rendered":"PREMIO\u00ae Omega-3 (Mikroalgen OMEGA-3)"},"excerpt":{"rendered":"<h6><span style=\"color: #c0c0c0;\">NAHRUNGSERG\u00c4NZUNGSMITTEL<\/span><\/h6>\n<p data-start=\"55\" data-end=\"729\">Der menschliche K\u00f6rper ben\u00f6tigt langkettige Omega-3-Fetts\u00e4uren, insbesondere DHA und EPA. W\u00e4hrend der K\u00f6rper diese in gewissem Ma\u00dfe selbst synthetisieren kann, ist dieser Prozess sehr energieaufwendig und erfordert mehrere N\u00e4hrstoffe wie Enzyme, Zink und Magnesium. Daher ist es am besten, DHA und EPA \u00fcber Nahrungsmittel aufzunehmen. Leider liefern nur fettreiche Fische diese Omega-3-Fetts\u00e4uren in metabolisch effektiven Mengen. Da Fische ihr DHA und EPA aus Mikroalgen beziehen, ist der Verzehr von Mikroalgen-basierten Omega-3-Erg\u00e4nzungen eine smarte und nachhaltige Alternative, die garantierte Reinheit bietet und eine effizientere Nutzung der Bioresourcen erm\u00f6glicht.<\/p>\n<p data-start=\"731\" data-end=\"772\"><strong data-start=\"731\" data-end=\"772\">Wissenschaftlich fundierte Anspr\u00fcche:<\/strong><\/p>\n<ul data-start=\"773\" data-end=\"915\">\n<li data-start=\"773\" data-end=\"863\">DHA tr\u00e4gt zur Aufrechterhaltung einer normalen Gehirnfunktion und normalen Sehkraft bei.<\/li>\n<li data-start=\"864\" data-end=\"915\">EPA und DHA tragen zur normalen Herzfunktion bei.<\/li>\n<\/ul>\n<p>PREMIO\u00ae OMEGA-3 ist ein Premium-Supplement, das aus S\u00fc\u00dfwasser-Mikroalgen (<em>Schizochytrium sp.<\/em>) gewonnen wird und hochwertiges \u00d6l enth\u00e4lt, das reich an DHA und EPA ist. Es enth\u00e4lt einen h\u00f6heren Anteil an DHA im Vergleich zu EPA, was der Zusammensetzung in DHA- und EPA-reichen Lebensmitteln entspricht und es zur idealen Quelle f\u00fcr diese essentiellen Omega-3-Fetts\u00e4uren macht.<\/p>\n","protected":false},"featured_media":1029,"template":"","meta":{"_acf_changed":false},"product_brand":[],"product_cat":[66,55,68,67,60,54,57,56,71],"product_tag":[],"class_list":{"0":"post-1027","1":"product","2":"type-product","3":"status-publish","4":"has-post-thumbnail","6":"product_cat-augen-haut","7":"product_cat-energie-muedigkeit","8":"product_cat-erholung-allgemein","9":"product_cat-erholung-training-koerperliche-belastung","10":"product_cat-frauen","11":"product_cat-gehirn-gedaechtnis-konzentration","12":"product_cat-herz-kreislauf-cholesterin","13":"product_cat-immunsystem","14":"product_cat-obere-atemwege","16":"first","17":"instock","18":"shipping-taxable","19":"purchasable","20":"product-type-simple"},"acf":[],"_links":{"self":[{"href":"https:\/\/premiostore.eu\/de\/wp-json\/wp\/v2\/product\/1027","targetHints":{"allow":["GET"]}}],"collection":[{"href":"https:\/\/premiostore.eu\/de\/wp-json\/wp\/v2\/product"}],"about":[{"href":"https:\/\/premiostore.eu\/de\/wp-json\/wp\/v2\/types\/product"}],"wp:featuredmedia":[{"embeddable":true,"href":"https:\/\/premiostore.eu\/de\/wp-json\/wp\/v2\/media\/1029"}],"wp:attachment":[{"href":"https:\/\/premiostore.eu\/de\/wp-json\/wp\/v2\/media?parent=1027"}],"wp:term":[{"taxonomy":"product_brand","embeddable":true,"href":"https:\/\/premiostore.eu\/de\/wp-json\/wp\/v2\/product_brand?post=1027"},{"taxonomy":"product_cat","embeddable":true,"href":"https:\/\/premiostore.eu\/de\/wp-json\/wp\/v2\/product_cat?post=1027"},{"taxonomy":"product_tag","embeddable":true,"href":"https:\/\/premiostore.eu\/de\/wp-json\/wp\/v2\/product_tag?post=1027"}],"curies":[{"name":"wp","href":"https:\/\/api.w.org\/{rel}","templated":true}]}}