{"id":1041,"date":"2026-01-31T11:51:37","date_gmt":"2026-01-31T09:51:37","guid":{"rendered":"https:\/\/premiostore.eu\/toode\/premio-vitamiin-c-plexozome-pro-liposoomne\/"},"modified":"2026-03-31T19:11:36","modified_gmt":"2026-03-31T16:11:36","slug":"premio-vitamiin-c-plexozome-pro-liposoomne","status":"publish","type":"product","link":"https:\/\/premiostore.eu\/de\/produkt\/premio-vitamiin-c-plexozome-pro-liposoomne\/","title":{"rendered":"PREMIO\u00ae Vitamin C (PlexoZome\u00ae Pro, liposomal)"},"excerpt":{"rendered":"<h6><span style=\"color: #c0c0c0;\">NAHRUNGSERG\u00c4NZUNGSMITTEL<\/span><\/h6>\n<p data-start=\"75\" data-end=\"405\">Vitamin C ist f\u00fcr die normale Funktion des menschlichen K\u00f6rpers unerl\u00e4sslich. Es wird f\u00fcr die Kollagensynthese in Haut, Knochen und anderem Bindegewebe ben\u00f6tigt und unterst\u00fctzt dadurch die Gesundheit des Bindegewebes sowie die Wundheilung. Au\u00dferdem tr\u00e4gt Vitamin C zur normalen Funktion des Immunsystems bei.<\/p>\n<p data-start=\"407\" data-end=\"673\">Als starkes Antioxidans sch\u00fctzt es die K\u00f6rperzellen vor \u00fcberm\u00e4\u00dfigem oxidativem Stress. Da der menschliche K\u00f6rper Vitamin C nicht selbst herstellen kann, kann ein langfristiger Mangel M\u00fcdigkeit, Zahnfleischbluten und eine verz\u00f6gerte Wundheilung verursachen.<\/p>\n<p data-start=\"675\" data-end=\"973\">Bei Vitamin-C-Pr\u00e4paraten ist eine gute Bioverf\u00fcgbarkeit entscheidend. Die PlexoZome\u00ae Pro liposomale Spitzentechnologie (patentiert und klinisch untersucht) sorgt daf\u00fcr, dass PREMIO\u00ae Vitamin C hoch bioverf\u00fcgbar ist und unterst\u00fctzt so die normalen Funktionen von Vitamin C im K\u00f6rper.<\/p>\n","protected":false},"featured_media":1503,"template":"","meta":{"_acf_changed":false},"product_brand":[],"product_cat":[66,55,68,67,54,57,56,73,71],"product_tag":[],"class_list":{"0":"post-1041","1":"product","2":"type-product","3":"status-publish","4":"has-post-thumbnail","6":"product_cat-augen-haut","7":"product_cat-energie-muedigkeit","8":"product_cat-erholung-allgemein","9":"product_cat-erholung-training-koerperliche-belastung","10":"product_cat-gehirn-gedaechtnis-konzentration","11":"product_cat-herz-kreislauf-cholesterin","12":"product_cat-immunsystem","13":"product_cat-knochen-gelenke","14":"product_cat-obere-atemwege","16":"first","17":"instock","18":"shipping-taxable","19":"purchasable","20":"product-type-simple"},"acf":[],"_links":{"self":[{"href":"https:\/\/premiostore.eu\/de\/wp-json\/wp\/v2\/product\/1041","targetHints":{"allow":["GET"]}}],"collection":[{"href":"https:\/\/premiostore.eu\/de\/wp-json\/wp\/v2\/product"}],"about":[{"href":"https:\/\/premiostore.eu\/de\/wp-json\/wp\/v2\/types\/product"}],"wp:featuredmedia":[{"embeddable":true,"href":"https:\/\/premiostore.eu\/de\/wp-json\/wp\/v2\/media\/1503"}],"wp:attachment":[{"href":"https:\/\/premiostore.eu\/de\/wp-json\/wp\/v2\/media?parent=1041"}],"wp:term":[{"taxonomy":"product_brand","embeddable":true,"href":"https:\/\/premiostore.eu\/de\/wp-json\/wp\/v2\/product_brand?post=1041"},{"taxonomy":"product_cat","embeddable":true,"href":"https:\/\/premiostore.eu\/de\/wp-json\/wp\/v2\/product_cat?post=1041"},{"taxonomy":"product_tag","embeddable":true,"href":"https:\/\/premiostore.eu\/de\/wp-json\/wp\/v2\/product_tag?post=1041"}],"curies":[{"name":"wp","href":"https:\/\/api.w.org\/{rel}","templated":true}]}}