{"id":1047,"date":"2026-01-31T11:50:57","date_gmt":"2026-01-31T09:50:57","guid":{"rendered":"https:\/\/premiostore.eu\/toode\/premio-seleen-plexozome-liposoomne\/"},"modified":"2026-03-31T19:11:56","modified_gmt":"2026-03-31T16:11:56","slug":"premio-seleen-plexozome-liposoomne","status":"publish","type":"product","link":"https:\/\/premiostore.eu\/de\/produkt\/premio-seleen-plexozome-liposoomne\/","title":{"rendered":"PREMIO\u00ae Selen (PlexoZome\u00ae, liposomal)"},"excerpt":{"rendered":"<h6><span style=\"color: #c0c0c0;\">NAHRUNGSERG\u00c4NZUNGSMITTEL<\/span><\/h6>\n<p data-start=\"0\" data-end=\"195\">Selen ist eines der wichtigsten Spurenelemente f\u00fcr den menschlichen K\u00f6rper, wobei die h\u00f6chsten Konzentrationen in der Leber, der Schilddr\u00fcse, den Nieren, den Muskeln und dem Sperma vorkommen.<\/p>\n<p data-start=\"197\" data-end=\"472\">PREMIO\u00ae Selen verwendet die PlexoZome\u00ae-Liposomal-Technologie, die patentiert und klinisch getestet ist. Dieses fortschrittliche Abgabesystem sorgt f\u00fcr eine hervorragende Bioverf\u00fcgbarkeit von Selen, wodurch eine optimale Absorption und Wirksamkeit im K\u00f6rper gew\u00e4hrleistet wird.<\/p>\n","protected":false},"featured_media":1473,"template":"","meta":{"_acf_changed":false},"product_brand":[],"product_cat":[68,54,56,71],"product_tag":[],"class_list":{"0":"post-1047","1":"product","2":"type-product","3":"status-publish","4":"has-post-thumbnail","6":"product_cat-erholung-allgemein","7":"product_cat-gehirn-gedaechtnis-konzentration","8":"product_cat-immunsystem","9":"product_cat-obere-atemwege","11":"first","12":"instock","13":"shipping-taxable","14":"purchasable","15":"product-type-simple"},"acf":[],"_links":{"self":[{"href":"https:\/\/premiostore.eu\/de\/wp-json\/wp\/v2\/product\/1047","targetHints":{"allow":["GET"]}}],"collection":[{"href":"https:\/\/premiostore.eu\/de\/wp-json\/wp\/v2\/product"}],"about":[{"href":"https:\/\/premiostore.eu\/de\/wp-json\/wp\/v2\/types\/product"}],"wp:featuredmedia":[{"embeddable":true,"href":"https:\/\/premiostore.eu\/de\/wp-json\/wp\/v2\/media\/1473"}],"wp:attachment":[{"href":"https:\/\/premiostore.eu\/de\/wp-json\/wp\/v2\/media?parent=1047"}],"wp:term":[{"taxonomy":"product_brand","embeddable":true,"href":"https:\/\/premiostore.eu\/de\/wp-json\/wp\/v2\/product_brand?post=1047"},{"taxonomy":"product_cat","embeddable":true,"href":"https:\/\/premiostore.eu\/de\/wp-json\/wp\/v2\/product_cat?post=1047"},{"taxonomy":"product_tag","embeddable":true,"href":"https:\/\/premiostore.eu\/de\/wp-json\/wp\/v2\/product_tag?post=1047"}],"curies":[{"name":"wp","href":"https:\/\/api.w.org\/{rel}","templated":true}]}}