{"id":1052,"date":"2026-01-31T11:50:12","date_gmt":"2026-01-31T09:50:12","guid":{"rendered":"https:\/\/premiostore.eu\/toode\/premio-organismi-kaitsevoime-kompleks\/"},"modified":"2026-03-31T19:12:20","modified_gmt":"2026-03-31T16:12:20","slug":"premio-organismi-kaitsevoime-kompleks","status":"publish","type":"product","link":"https:\/\/premiostore.eu\/de\/produkt\/premio-organismi-kaitsevoime-kompleks\/","title":{"rendered":"PREMIO\u00ae K\u00f6rperabwehr-Komplex"},"excerpt":{"rendered":"<div id=\"brxe-bqgbrz\" class=\"brxe-product-short-description\">\n<div class=\"woocommerce-product-details__short-description\">\n<h6><span style=\"color: #c0c0c0;\">NAHRUNGSERG\u00c4NZUNGSMITTEL<\/span><\/h6>\n<p>Der Autor des Komplexes ist der Medizindoktor und Professor f\u00fcr medizinische Biochemie Mihkel Zilmer.<\/p>\n<p data-start=\"0\" data-end=\"331\">Der Komplex unterst\u00fctzt die Krankheitspr\u00e4vention nicht durch die gezielte Bek\u00e4mpfung eines bestimmten Pathogens oder Symptoms, sondern durch die Optimierung der metabolischen Bedingungen und der metabolischen Leistungsf\u00e4higkeit des Organismus, die f\u00fcr eine wirksame und schnelle Abwehr des menschlichen K\u00f6rpers erforderlich sind.<\/p>\n<p data-start=\"333\" data-end=\"762\" data-is-last-node=\"\" data-is-only-node=\"\">Die Kombination aus einer physiologisch koh\u00e4renten Auswahl und Dosierung von Mikron\u00e4hrstoffen sowie einem strukturierten Verabreichungsschema schafft ein funktionelles metabolisches Rahmenwerk \u2013 ein Netzwerk metabolischer Zusammenarbeit \u2013, das sowohl zur schnellen Bereitschaft als auch zur Widerstandsf\u00e4higkeit des Immunsystems beitr\u00e4gt und dadurch bei rechtzeitiger Anwendung die Wahrscheinlichkeit einer Erkrankung verringert.<\/p>\n<\/div>\n<\/div>\n","protected":false},"featured_media":1449,"template":"","meta":{"_acf_changed":false},"product_brand":[],"product_cat":[56,71],"product_tag":[],"class_list":{"0":"post-1052","1":"product","2":"type-product","3":"status-publish","4":"has-post-thumbnail","6":"product_cat-immunsystem","7":"product_cat-obere-atemwege","9":"first","10":"instock","11":"shipping-taxable","12":"purchasable","13":"product-type-simple"},"acf":[],"_links":{"self":[{"href":"https:\/\/premiostore.eu\/de\/wp-json\/wp\/v2\/product\/1052","targetHints":{"allow":["GET"]}}],"collection":[{"href":"https:\/\/premiostore.eu\/de\/wp-json\/wp\/v2\/product"}],"about":[{"href":"https:\/\/premiostore.eu\/de\/wp-json\/wp\/v2\/types\/product"}],"wp:featuredmedia":[{"embeddable":true,"href":"https:\/\/premiostore.eu\/de\/wp-json\/wp\/v2\/media\/1449"}],"wp:attachment":[{"href":"https:\/\/premiostore.eu\/de\/wp-json\/wp\/v2\/media?parent=1052"}],"wp:term":[{"taxonomy":"product_brand","embeddable":true,"href":"https:\/\/premiostore.eu\/de\/wp-json\/wp\/v2\/product_brand?post=1052"},{"taxonomy":"product_cat","embeddable":true,"href":"https:\/\/premiostore.eu\/de\/wp-json\/wp\/v2\/product_cat?post=1052"},{"taxonomy":"product_tag","embeddable":true,"href":"https:\/\/premiostore.eu\/de\/wp-json\/wp\/v2\/product_tag?post=1052"}],"curies":[{"name":"wp","href":"https:\/\/api.w.org\/{rel}","templated":true}]}}