{"id":1057,"date":"2026-01-31T11:49:16","date_gmt":"2026-01-31T09:49:16","guid":{"rendered":"https:\/\/premiostore.eu\/toode\/premio-re-laxation-relissa-indena-phytosome\/"},"modified":"2026-03-31T19:13:04","modified_gmt":"2026-03-31T16:13:04","slug":"premio-re-laxation-relissa-indena-phytosome","status":"publish","type":"product","link":"https:\/\/premiostore.eu\/de\/produkt\/premio-re-laxation-relissa-indena-phytosome\/","title":{"rendered":"PREMIO\u00ae Re-laxation (Relissa\u00ae Indena Phytosome\u2122)"},"excerpt":{"rendered":"<h6><span style=\"color: #c0c0c0;\">NAHRUNGSERG\u00c4NZUNGSMITTEL<\/span><\/h6>\n<p data-start=\"30\" data-end=\"1007\">Schlafst\u00f6rungen und psychische Gesundheitsprobleme (wie Angst, Furcht, Depression, Melancholie und reduzierte Stressresistenz) beeintr\u00e4chtigen die Lebensqualit\u00e4t vieler Menschen. Neben Medikamenten konzentrieren sich fortschrittliche wissenschaftliche Innovationen auf die Entwicklung nat\u00fcrlicher, nebenwirkungsfreier und klinisch validierter Premiuml\u00f6sungen f\u00fcr diese Anliegen. RELISSA\u00ae wurde 2024 mit einer Goldmedaille bei einem internationalen Wettbewerb ausgezeichnet und ist das erste klinisch bewiesene, wissenschaftlich dokumentierte, patentierte und standardisierte Pr\u00e4parat mit Bio-Lemonenmelisse. Ihre Wirksamkeit wird durch die innovative Indena Phytosome\u2122-Technologie unterst\u00fctzt, die die Stabilit\u00e4t der Inhaltsstoffe gew\u00e4hrleistet, eine hohe Bioverf\u00fcgbarkeit f\u00fcr optimale Leistung sicherstellt und eine nahtlose Wechselwirkung mit dem Mikrobiom des Magen-Darm-Trakts erm\u00f6glicht. Aus diesen Gr\u00fcnden hebt sich PREMIO\u00ae Re-laxation als innovative Premiuml\u00f6sung hervor.<\/p>\n","protected":false},"featured_media":1059,"template":"","meta":{"_acf_changed":false},"product_brand":[],"product_cat":[75,68,54],"product_tag":[],"class_list":{"0":"post-1057","1":"product","2":"type-product","3":"status-publish","4":"has-post-thumbnail","6":"product_cat-besserer-schlaf","7":"product_cat-erholung-allgemein","8":"product_cat-gehirn-gedaechtnis-konzentration","10":"first","11":"instock","12":"shipping-taxable","13":"purchasable","14":"product-type-simple"},"acf":[],"_links":{"self":[{"href":"https:\/\/premiostore.eu\/de\/wp-json\/wp\/v2\/product\/1057","targetHints":{"allow":["GET"]}}],"collection":[{"href":"https:\/\/premiostore.eu\/de\/wp-json\/wp\/v2\/product"}],"about":[{"href":"https:\/\/premiostore.eu\/de\/wp-json\/wp\/v2\/types\/product"}],"wp:featuredmedia":[{"embeddable":true,"href":"https:\/\/premiostore.eu\/de\/wp-json\/wp\/v2\/media\/1059"}],"wp:attachment":[{"href":"https:\/\/premiostore.eu\/de\/wp-json\/wp\/v2\/media?parent=1057"}],"wp:term":[{"taxonomy":"product_brand","embeddable":true,"href":"https:\/\/premiostore.eu\/de\/wp-json\/wp\/v2\/product_brand?post=1057"},{"taxonomy":"product_cat","embeddable":true,"href":"https:\/\/premiostore.eu\/de\/wp-json\/wp\/v2\/product_cat?post=1057"},{"taxonomy":"product_tag","embeddable":true,"href":"https:\/\/premiostore.eu\/de\/wp-json\/wp\/v2\/product_tag?post=1057"}],"curies":[{"name":"wp","href":"https:\/\/api.w.org\/{rel}","templated":true}]}}