{"id":1069,"date":"2026-01-31T11:48:38","date_gmt":"2026-01-31T09:48:38","guid":{"rendered":"https:\/\/premiostore.eu\/toode\/premio-magneesium-ata-mg\/"},"modified":"2026-03-31T19:14:39","modified_gmt":"2026-03-31T16:14:39","slug":"premio-magneesium-ata-mg","status":"publish","type":"product","link":"https:\/\/premiostore.eu\/de\/produkt\/premio-magneesium-ata-mg\/","title":{"rendered":"PREMIO\u00ae Magnesium (ATA Mg\u00ae)"},"excerpt":{"rendered":"<h6><span style=\"color: #c0c0c0;\">NAHRUNGSERG\u00c4NZUNGSMITTEL<\/span><\/h6>\n<p>Die Bedeutung von Magnesium wird durch mehrere wissenschaftlich fundierte Aussagen gest\u00fctzt, die in der Europ\u00e4ischen Union zugelassen sind (siehe unten). Damit die Wirkung tats\u00e4chlich eintritt, muss das aufgenommene Magnesium in der Lage sein, effektiv die Blut-Hirn-Schranke im menschlichen K\u00f6rper zu \u00fcberwinden (sie trennt das Gehirn vom Blutkreislauf und verhindert, dass viele Substanzen frei in das Hirngewebe gelangen). Bei herk\u00f6mmlichen Magnesiumpr\u00e4paraten ist die Menge an Magnesium, die das Gehirn erreicht, gering. Die Entwicklung des innovativen, patentierten ATA Mg\u00ae (Magnesiumacetyltaurinat) erm\u00f6glicht es dem enthaltenen Magnesium, wirksam ins Gehirn zu gelangen. Gleichzeitig wird auch Taurin dorthin transportiert \u2013 eine nat\u00fcrlich vorkommende, aminos\u00e4ure\u00e4hnliche Verbindung mit zahlreichen Funktionen im Gehirngewebe. All dies macht PREMIO\u00ae ATA Mg\u00ae zu einem hochwertigen Unterst\u00fctzungsmittel, das besonders gut zur Funktion des Nervengewebes beitr\u00e4gt \u2013 weshalb es auch als \u201eGehirn-Magnesium\u201c bezeichnet wird.<\/p>\n<p data-start=\"487\" data-end=\"522\"><strong>Wissenschaftlich basierte Aussagen<\/strong>:<\/p>\n<p data-start=\"524\" data-end=\"793\">Magnesium hilft, M\u00fcdigkeit und Ersch\u00f6pfung zu verringern, unterst\u00fctzt den normalen Energiestoffwechsel, die normale Funktion des Nervensystems, die normale Muskelfunktion, die normalen psychischen Funktionen und tr\u00e4gt zur Erhaltung einer normalen Knochengesundheit bei.<\/p>\n","protected":false},"featured_media":1494,"template":"","meta":{"_acf_changed":false},"product_brand":[],"product_cat":[75,69,55,68,67,60,54,73],"product_tag":[],"class_list":{"0":"post-1069","1":"product","2":"type-product","3":"status-publish","4":"has-post-thumbnail","6":"product_cat-besserer-schlaf","7":"product_cat-bewusstes-altern","8":"product_cat-energie-muedigkeit","9":"product_cat-erholung-allgemein","10":"product_cat-erholung-training-koerperliche-belastung","11":"product_cat-frauen","12":"product_cat-gehirn-gedaechtnis-konzentration","13":"product_cat-knochen-gelenke","15":"first","16":"instock","17":"shipping-taxable","18":"purchasable","19":"product-type-simple"},"acf":[],"_links":{"self":[{"href":"https:\/\/premiostore.eu\/de\/wp-json\/wp\/v2\/product\/1069","targetHints":{"allow":["GET"]}}],"collection":[{"href":"https:\/\/premiostore.eu\/de\/wp-json\/wp\/v2\/product"}],"about":[{"href":"https:\/\/premiostore.eu\/de\/wp-json\/wp\/v2\/types\/product"}],"wp:featuredmedia":[{"embeddable":true,"href":"https:\/\/premiostore.eu\/de\/wp-json\/wp\/v2\/media\/1494"}],"wp:attachment":[{"href":"https:\/\/premiostore.eu\/de\/wp-json\/wp\/v2\/media?parent=1069"}],"wp:term":[{"taxonomy":"product_brand","embeddable":true,"href":"https:\/\/premiostore.eu\/de\/wp-json\/wp\/v2\/product_brand?post=1069"},{"taxonomy":"product_cat","embeddable":true,"href":"https:\/\/premiostore.eu\/de\/wp-json\/wp\/v2\/product_cat?post=1069"},{"taxonomy":"product_tag","embeddable":true,"href":"https:\/\/premiostore.eu\/de\/wp-json\/wp\/v2\/product_tag?post=1069"}],"curies":[{"name":"wp","href":"https:\/\/api.w.org\/{rel}","templated":true}]}}