{"id":1075,"date":"2026-01-31T11:48:22","date_gmt":"2026-01-31T09:48:22","guid":{"rendered":"https:\/\/premiostore.eu\/toode\/premio-magneesium-magtein\/"},"modified":"2026-03-31T19:15:22","modified_gmt":"2026-03-31T16:15:22","slug":"premio-magneesium-magtein","status":"publish","type":"product","link":"https:\/\/premiostore.eu\/de\/produkt\/premio-magneesium-magtein\/","title":{"rendered":"PREMIO\u00ae Magnesium (Magtein\u00ae)"},"excerpt":{"rendered":"<h6><span style=\"color: #c0c0c0;\">NAHRUNGSERG\u00c4NZUNGSMITTEL<\/span><\/h6>\n<p data-start=\"0\" data-end=\"485\">Magtein\u00ae ist das patentierte und einzige authentische Magnesium L-Threonat. Es wird als \u201eHirn-Magnesium\u201c bezeichnet, aufgrund seiner einzigartigen F\u00e4higkeit, die Blut-Hirn-Schranke effizient zu durchdringen und so eine hohe Bioverf\u00fcgbarkeit zu gew\u00e4hrleisten. Diese Eigenschaft erm\u00f6glicht es ihm, den Magnesiumspiegel innerhalb der Nervenzellen effektiv zu erh\u00f6hen, wodurch das Kurz- und Langzeitged\u00e4chtnis, die Lernf\u00e4higkeit, die kognitive Funktion und die Stimmung verbessert werden.<\/p>\n<p data-start=\"487\" data-end=\"522\">Wissenschaftlich basierte Aussagen:<\/p>\n<p data-start=\"524\" data-end=\"793\">Magnesium hilft, M\u00fcdigkeit und Ersch\u00f6pfung zu verringern, unterst\u00fctzt den normalen Energiestoffwechsel, die normale Funktion des Nervensystems, die normale Muskelfunktion, die normalen psychischen Funktionen und tr\u00e4gt zur Erhaltung einer normalen Knochengesundheit bei.<\/p>\n","protected":false},"featured_media":1425,"template":"","meta":{"_acf_changed":false},"product_brand":[],"product_cat":[66,75,69,55,68,67,54],"product_tag":[],"class_list":{"0":"post-1075","1":"product","2":"type-product","3":"status-publish","4":"has-post-thumbnail","6":"product_cat-augen-haut","7":"product_cat-besserer-schlaf","8":"product_cat-bewusstes-altern","9":"product_cat-energie-muedigkeit","10":"product_cat-erholung-allgemein","11":"product_cat-erholung-training-koerperliche-belastung","12":"product_cat-gehirn-gedaechtnis-konzentration","14":"first","15":"instock","16":"shipping-taxable","17":"purchasable","18":"product-type-simple"},"acf":[],"_links":{"self":[{"href":"https:\/\/premiostore.eu\/de\/wp-json\/wp\/v2\/product\/1075","targetHints":{"allow":["GET"]}}],"collection":[{"href":"https:\/\/premiostore.eu\/de\/wp-json\/wp\/v2\/product"}],"about":[{"href":"https:\/\/premiostore.eu\/de\/wp-json\/wp\/v2\/types\/product"}],"wp:featuredmedia":[{"embeddable":true,"href":"https:\/\/premiostore.eu\/de\/wp-json\/wp\/v2\/media\/1425"}],"wp:attachment":[{"href":"https:\/\/premiostore.eu\/de\/wp-json\/wp\/v2\/media?parent=1075"}],"wp:term":[{"taxonomy":"product_brand","embeddable":true,"href":"https:\/\/premiostore.eu\/de\/wp-json\/wp\/v2\/product_brand?post=1075"},{"taxonomy":"product_cat","embeddable":true,"href":"https:\/\/premiostore.eu\/de\/wp-json\/wp\/v2\/product_cat?post=1075"},{"taxonomy":"product_tag","embeddable":true,"href":"https:\/\/premiostore.eu\/de\/wp-json\/wp\/v2\/product_tag?post=1075"}],"curies":[{"name":"wp","href":"https:\/\/api.w.org\/{rel}","templated":true}]}}