{"id":1081,"date":"2026-01-31T11:48:05","date_gmt":"2026-01-31T09:48:05","guid":{"rendered":"https:\/\/premiostore.eu\/toode\/premio-melatoniin-liquid-melatonin\/"},"modified":"2026-03-30T16:54:12","modified_gmt":"2026-03-30T13:54:12","slug":"premio-melatoniin-liquid-melatonin","status":"publish","type":"product","link":"https:\/\/premiostore.eu\/de\/produkt\/premio-melatoniin-liquid-melatonin\/","title":{"rendered":"PREMIO\u00ae Melatonin (fl\u00fcssig)"},"excerpt":{"rendered":"<h6><span style=\"color: #c0c0c0;\">NAHRUNGSERG\u00c4NZUNGSMITTEL<\/span><\/h6>\n<p data-start=\"0\" data-end=\"85\">Melatonin hilft, das Gleichgewicht zwischen Wachsein und Schlaf aufrechtzuerhalten.<\/p>\n<p data-start=\"87\" data-end=\"354\">Der menschliche K\u00f6rper produziert Melatonin, um den Wach- und Schlafrhythmus zu regulieren. Es verringert die Einschlafschwierigkeiten nach langen Fl\u00fcgen. Fl\u00fcssiges Melatonin ist eine besonders gut aufnehmbare Form dieses Supplements und zudem f\u00fcr Veganer geeignet.<\/p>\n<p data-start=\"356\" data-end=\"392\">Wissenschaftlich belegte Aussagen:<\/p>\n<ul data-start=\"394\" data-end=\"524\">\n<li data-start=\"394\" data-end=\"482\">Melatonin lindert subjektive Beschwerden im Zusammenhang mit M\u00fcdigkeit durch Jetlag.<\/li>\n<li data-start=\"483\" data-end=\"524\">Melatonin verk\u00fcrzt die Einschlafzeit.<\/li>\n<\/ul>\n","protected":false},"featured_media":1461,"template":"","meta":{"_acf_changed":false},"product_brand":[],"product_cat":[75,54],"product_tag":[],"class_list":{"0":"post-1081","1":"product","2":"type-product","3":"status-publish","4":"has-post-thumbnail","6":"product_cat-besserer-schlaf","7":"product_cat-gehirn-gedaechtnis-konzentration","9":"first","10":"instock","11":"shipping-taxable","12":"purchasable","13":"product-type-simple"},"acf":[],"_links":{"self":[{"href":"https:\/\/premiostore.eu\/de\/wp-json\/wp\/v2\/product\/1081","targetHints":{"allow":["GET"]}}],"collection":[{"href":"https:\/\/premiostore.eu\/de\/wp-json\/wp\/v2\/product"}],"about":[{"href":"https:\/\/premiostore.eu\/de\/wp-json\/wp\/v2\/types\/product"}],"wp:featuredmedia":[{"embeddable":true,"href":"https:\/\/premiostore.eu\/de\/wp-json\/wp\/v2\/media\/1461"}],"wp:attachment":[{"href":"https:\/\/premiostore.eu\/de\/wp-json\/wp\/v2\/media?parent=1081"}],"wp:term":[{"taxonomy":"product_brand","embeddable":true,"href":"https:\/\/premiostore.eu\/de\/wp-json\/wp\/v2\/product_brand?post=1081"},{"taxonomy":"product_cat","embeddable":true,"href":"https:\/\/premiostore.eu\/de\/wp-json\/wp\/v2\/product_cat?post=1081"},{"taxonomy":"product_tag","embeddable":true,"href":"https:\/\/premiostore.eu\/de\/wp-json\/wp\/v2\/product_tag?post=1081"}],"curies":[{"name":"wp","href":"https:\/\/api.w.org\/{rel}","templated":true}]}}