{"id":1087,"date":"2026-01-31T11:47:48","date_gmt":"2026-01-31T09:47:48","guid":{"rendered":"https:\/\/premiostore.eu\/toode\/truniagen\/"},"modified":"2026-03-31T19:17:01","modified_gmt":"2026-03-31T16:17:01","slug":"truniagen","status":"publish","type":"product","link":"https:\/\/premiostore.eu\/de\/produkt\/truniagen\/","title":{"rendered":"TruNiagen\u00ae"},"excerpt":{"rendered":"<h6><span style=\"color: #c0c0c0;\">NAHRUNGSERG\u00c4NZUNGSMITTEL<\/span><\/h6>\n<p>TruNiagen\u00ae ist eine einzigartige, k\u00f6rpersympathische Form von Vitamin B3, die entwickelt wurde, um die Gesundheit der K\u00f6rperzellen zu sch\u00fctzen und ihre Leistungsf\u00e4higkeit zu steigern.<\/p>\n","protected":false},"featured_media":1089,"template":"","meta":{"_acf_changed":false},"product_brand":[],"product_cat":[66,75,69,55,68,67,54,79,57,71],"product_tag":[],"class_list":{"0":"post-1087","1":"product","2":"type-product","3":"status-publish","4":"has-post-thumbnail","6":"product_cat-augen-haut","7":"product_cat-besserer-schlaf","8":"product_cat-bewusstes-altern","9":"product_cat-energie-muedigkeit","10":"product_cat-erholung-allgemein","11":"product_cat-erholung-training-koerperliche-belastung","12":"product_cat-gehirn-gedaechtnis-konzentration","13":"product_cat-gewichtsreduktion-stoffwechsel","14":"product_cat-herz-kreislauf-cholesterin","15":"product_cat-obere-atemwege","17":"first","18":"instock","19":"shipping-taxable","20":"purchasable","21":"product-type-simple"},"acf":[],"_links":{"self":[{"href":"https:\/\/premiostore.eu\/de\/wp-json\/wp\/v2\/product\/1087","targetHints":{"allow":["GET"]}}],"collection":[{"href":"https:\/\/premiostore.eu\/de\/wp-json\/wp\/v2\/product"}],"about":[{"href":"https:\/\/premiostore.eu\/de\/wp-json\/wp\/v2\/types\/product"}],"wp:featuredmedia":[{"embeddable":true,"href":"https:\/\/premiostore.eu\/de\/wp-json\/wp\/v2\/media\/1089"}],"wp:attachment":[{"href":"https:\/\/premiostore.eu\/de\/wp-json\/wp\/v2\/media?parent=1087"}],"wp:term":[{"taxonomy":"product_brand","embeddable":true,"href":"https:\/\/premiostore.eu\/de\/wp-json\/wp\/v2\/product_brand?post=1087"},{"taxonomy":"product_cat","embeddable":true,"href":"https:\/\/premiostore.eu\/de\/wp-json\/wp\/v2\/product_cat?post=1087"},{"taxonomy":"product_tag","embeddable":true,"href":"https:\/\/premiostore.eu\/de\/wp-json\/wp\/v2\/product_tag?post=1087"}],"curies":[{"name":"wp","href":"https:\/\/api.w.org\/{rel}","templated":true}]}}