{"id":1096,"date":"2026-01-31T11:46:38","date_gmt":"2026-01-31T09:46:38","guid":{"rendered":"https:\/\/premiostore.eu\/toode\/premio-berberiin-bioberb\/"},"modified":"2026-03-31T19:17:37","modified_gmt":"2026-03-31T16:17:37","slug":"premio-berberiin-bioberb","status":"publish","type":"product","link":"https:\/\/premiostore.eu\/de\/produkt\/premio-berberiin-bioberb\/","title":{"rendered":"PREMIO\u00ae Berberin (BioBerb\u00ae)"},"excerpt":{"rendered":"<h6><span style=\"color: #c0c0c0;\">NAHRUNGSERG\u00c4NZUNGSMITTEL<\/span><\/h6>\n<p data-start=\"30\" data-end=\"130\">Heute sind erh\u00f6hte Cholesterinwerte und Blutzuckerungleichgewichte h\u00e4ufige gesundheitliche Probleme.<\/p>\n<p data-start=\"132\" data-end=\"338\">Im Gegenzug investieren f\u00fchrende Unternehmen intensiv in Innovationen, um nat\u00fcrliche, klinisch erprobte Premiuml\u00f6sungen zu entwickeln, die wissenschaftlich fundierte Alternativen ohne Nebenwirkungen bieten.<\/p>\n<p data-start=\"340\" data-end=\"642\">Ein solcher Durchbruch ist BioBerb\u00ae, ein patentierter und standardisierter Berberin-Extrakt, der die LipiSperse\u00ae -Technologie nutzt. Diese fortschrittliche Formulierung gew\u00e4hrleistet eine \u00fcberlegene Stabilit\u00e4t und au\u00dfergew\u00f6hnliche Bioverf\u00fcgbarkeit, die f\u00fcr optimale Wirksamkeit entscheidend sind. Daher kann die empfohlene Dosis dieses Pr\u00e4parats in einer Menge verwendet werden, die mehr als f\u00fcnfmal kleiner ist als die \u00fcblichen Dosierungen, sodass auch m\u00f6gliche Nebenwirkungsprobleme nicht auftreten.<\/p>\n<p data-start=\"644\" data-end=\"765\">Daher hebt sich BioBerb\u00ae als eine leistungsstarke L\u00f6sung hervor, die die Leistung herk\u00f6mmlicher Behandlungen \u00fcbertrifft.<\/p>\n","protected":false},"featured_media":1479,"template":"","meta":{"_acf_changed":false},"product_brand":[],"product_cat":[77,68,79,57],"product_tag":[],"class_list":{"0":"post-1096","1":"product","2":"type-product","3":"status-publish","4":"has-post-thumbnail","6":"product_cat-blutzucker","7":"product_cat-erholung-allgemein","8":"product_cat-gewichtsreduktion-stoffwechsel","9":"product_cat-herz-kreislauf-cholesterin","11":"first","12":"instock","13":"shipping-taxable","14":"purchasable","15":"product-type-simple"},"acf":[],"_links":{"self":[{"href":"https:\/\/premiostore.eu\/de\/wp-json\/wp\/v2\/product\/1096","targetHints":{"allow":["GET"]}}],"collection":[{"href":"https:\/\/premiostore.eu\/de\/wp-json\/wp\/v2\/product"}],"about":[{"href":"https:\/\/premiostore.eu\/de\/wp-json\/wp\/v2\/types\/product"}],"wp:featuredmedia":[{"embeddable":true,"href":"https:\/\/premiostore.eu\/de\/wp-json\/wp\/v2\/media\/1479"}],"wp:attachment":[{"href":"https:\/\/premiostore.eu\/de\/wp-json\/wp\/v2\/media?parent=1096"}],"wp:term":[{"taxonomy":"product_brand","embeddable":true,"href":"https:\/\/premiostore.eu\/de\/wp-json\/wp\/v2\/product_brand?post=1096"},{"taxonomy":"product_cat","embeddable":true,"href":"https:\/\/premiostore.eu\/de\/wp-json\/wp\/v2\/product_cat?post=1096"},{"taxonomy":"product_tag","embeddable":true,"href":"https:\/\/premiostore.eu\/de\/wp-json\/wp\/v2\/product_tag?post=1096"}],"curies":[{"name":"wp","href":"https:\/\/api.w.org\/{rel}","templated":true}]}}