{"id":1107,"date":"2026-01-31T11:45:44","date_gmt":"2026-01-31T09:45:44","guid":{"rendered":"https:\/\/premiostore.eu\/toode\/premio-kvertsetiin-lipisperse-kvertsetiin-cwd90\/"},"modified":"2026-03-31T18:52:49","modified_gmt":"2026-03-31T15:52:49","slug":"premio-kvertsetiin-lipisperse-kvertsetiin-cwd90","status":"publish","type":"product","link":"https:\/\/premiostore.eu\/de\/produkt\/premio-kvertsetiin-lipisperse-kvertsetiin-cwd90\/","title":{"rendered":"PREMIO\u00ae Quercetin (LipiSperse\u00aeCWD90)"},"excerpt":{"rendered":"<h6><span style=\"color: #c0c0c0;\">NAHRUNGSERG\u00c4NZUNGSMITTEL<\/span><\/h6>\n<p data-start=\"68\" data-end=\"406\">Quercetin, ein in Pflanzen vorkommendes Flavonoid, bietet zahlreiche gesundheitliche Vorteile, darunter antioxidative, entz\u00fcndungshemmende, nat\u00fcrliche antihistaminische, antivirale, blutzuckersenkende und blutdruckregulierende Eigenschaften. Zudem unterst\u00fctzt es die k\u00f6rperliche Leistungsf\u00e4higkeit, die Erholung sowie die Immunfunktion.<\/p>\n<p data-start=\"408\" data-end=\"836\">Um diese Vorteile zu maximieren, ist eine hochwertige Quercetin-Formulierung mit ausreichendem Quercetingehalt, hervorragender Wasserl\u00f6slichkeit in kaltem Wasser, hoher Bioverf\u00fcgbarkeit und Stabilit\u00e4t erforderlich. Das patentierte LipiSperse\u00ae Quercetin CWD 90 zeichnet sich durch diese Eigenschaften aus und bietet im Vergleich zu herk\u00f6mmlichen Quercetin-Pr\u00e4paraten ein deutlich h\u00f6heres Potenzial f\u00fcr gesundheitliche Vorteile.<\/p>\n<p data-start=\"1351\" data-end=\"1549\">Zum PREMIO\u00ae Produktsortiment geh\u00f6ren auch Resveratrol- und Curcuminpr\u00e4parate, jedoch ist PREMIO\u00ae Quercetin davon am umfassendsten untersucht und unterst\u00fctzt Ihr Wohlbefinden auf vielf\u00e4ltige Weise.<\/p>\n","protected":false},"featured_media":1428,"template":"","meta":{"_acf_changed":false},"product_brand":[],"product_cat":[66,69,77,55,68,67,57,56,71],"product_tag":[],"class_list":{"0":"post-1107","1":"product","2":"type-product","3":"status-publish","4":"has-post-thumbnail","6":"product_cat-augen-haut","7":"product_cat-bewusstes-altern","8":"product_cat-blutzucker","9":"product_cat-energie-muedigkeit","10":"product_cat-erholung-allgemein","11":"product_cat-erholung-training-koerperliche-belastung","12":"product_cat-herz-kreislauf-cholesterin","13":"product_cat-immunsystem","14":"product_cat-obere-atemwege","16":"first","17":"instock","18":"shipping-taxable","19":"purchasable","20":"product-type-simple"},"acf":[],"_links":{"self":[{"href":"https:\/\/premiostore.eu\/de\/wp-json\/wp\/v2\/product\/1107","targetHints":{"allow":["GET"]}}],"collection":[{"href":"https:\/\/premiostore.eu\/de\/wp-json\/wp\/v2\/product"}],"about":[{"href":"https:\/\/premiostore.eu\/de\/wp-json\/wp\/v2\/types\/product"}],"wp:featuredmedia":[{"embeddable":true,"href":"https:\/\/premiostore.eu\/de\/wp-json\/wp\/v2\/media\/1428"}],"wp:attachment":[{"href":"https:\/\/premiostore.eu\/de\/wp-json\/wp\/v2\/media?parent=1107"}],"wp:term":[{"taxonomy":"product_brand","embeddable":true,"href":"https:\/\/premiostore.eu\/de\/wp-json\/wp\/v2\/product_brand?post=1107"},{"taxonomy":"product_cat","embeddable":true,"href":"https:\/\/premiostore.eu\/de\/wp-json\/wp\/v2\/product_cat?post=1107"},{"taxonomy":"product_tag","embeddable":true,"href":"https:\/\/premiostore.eu\/de\/wp-json\/wp\/v2\/product_tag?post=1107"}],"curies":[{"name":"wp","href":"https:\/\/api.w.org\/{rel}","templated":true}]}}