{"id":1113,"date":"2026-01-31T11:45:23","date_gmt":"2026-01-31T09:45:23","guid":{"rendered":"https:\/\/premiostore.eu\/toode\/premio-resveratrool-veri-sperse-resveratrool\/"},"modified":"2026-03-31T18:54:47","modified_gmt":"2026-03-31T15:54:47","slug":"premio-resveratrool-veri-sperse-resveratrool","status":"publish","type":"product","link":"https:\/\/premiostore.eu\/de\/produkt\/premio-resveratrool-veri-sperse-resveratrool\/","title":{"rendered":"PREMIO\u00ae Resveratrol (Veri-Sperse\u00ae)"},"excerpt":{"rendered":"<h6><span style=\"color: #c0c0c0;\">NAHRUNGSERG\u00c4NZUNGSMITTEL<\/span><\/h6>\n<p data-start=\"0\" data-end=\"117\">Resveratrol ist ein pflanzliches Polyphenol (das Pflanzen vor Pilzen, Krankheitserregern und UV-Strahlung sch\u00fctzt).<\/p>\n<p data-start=\"119\" data-end=\"313\">\u00dcber 200 klinische Studien haben sich auf seine hervorragenden antioxidativen Eigenschaften, entz\u00fcndungshemmenden Effekte und die F\u00e4higkeit konzentriert, vorzeitiger Alterung entgegenzuwirken.<\/p>\n<p data-start=\"119\" data-end=\"313\">Veri-Sperse\u00ae Resveratrol (Trans-Form) zeichnet sich aus zwei Hauptgr\u00fcnden aus: Es ist aufgrund der nat\u00fcrlichen Fermentation von h\u00f6chster Reinheit (98%), und die patentierte LipiSperse\u00ae Dispersionstechnologie sorgt f\u00fcr eine \u00fcberlegene Aufnahme und verl\u00e4ngerte Wirksamkeit in dieser fortschrittlichen liposomalen Formulierung. Dies wird durch pharmakokinetische und klinische Studien zu Veri-te\u2122 Resveratrol unterst\u00fctzt, die in hoch angesehenen wissenschaftlichen Fachzeitschriften ver\u00f6ffentlicht wurden.<\/p>\n","protected":false},"featured_media":1488,"template":"","meta":{"_acf_changed":false},"product_brand":[],"product_cat":[66,69,77,60,54,57,71],"product_tag":[],"class_list":{"0":"post-1113","1":"product","2":"type-product","3":"status-publish","4":"has-post-thumbnail","6":"product_cat-augen-haut","7":"product_cat-bewusstes-altern","8":"product_cat-blutzucker","9":"product_cat-frauen","10":"product_cat-gehirn-gedaechtnis-konzentration","11":"product_cat-herz-kreislauf-cholesterin","12":"product_cat-obere-atemwege","14":"first","15":"instock","16":"shipping-taxable","17":"purchasable","18":"product-type-simple"},"acf":[],"_links":{"self":[{"href":"https:\/\/premiostore.eu\/de\/wp-json\/wp\/v2\/product\/1113","targetHints":{"allow":["GET"]}}],"collection":[{"href":"https:\/\/premiostore.eu\/de\/wp-json\/wp\/v2\/product"}],"about":[{"href":"https:\/\/premiostore.eu\/de\/wp-json\/wp\/v2\/types\/product"}],"wp:featuredmedia":[{"embeddable":true,"href":"https:\/\/premiostore.eu\/de\/wp-json\/wp\/v2\/media\/1488"}],"wp:attachment":[{"href":"https:\/\/premiostore.eu\/de\/wp-json\/wp\/v2\/media?parent=1113"}],"wp:term":[{"taxonomy":"product_brand","embeddable":true,"href":"https:\/\/premiostore.eu\/de\/wp-json\/wp\/v2\/product_brand?post=1113"},{"taxonomy":"product_cat","embeddable":true,"href":"https:\/\/premiostore.eu\/de\/wp-json\/wp\/v2\/product_cat?post=1113"},{"taxonomy":"product_tag","embeddable":true,"href":"https:\/\/premiostore.eu\/de\/wp-json\/wp\/v2\/product_tag?post=1113"}],"curies":[{"name":"wp","href":"https:\/\/api.w.org\/{rel}","templated":true}]}}