{"id":1119,"date":"2026-01-31T11:44:55","date_gmt":"2026-01-31T09:44:55","guid":{"rendered":"https:\/\/premiostore.eu\/toode\/premio-vitamiin-d3-vitashine-d3\/"},"modified":"2026-03-31T18:57:15","modified_gmt":"2026-03-31T15:57:15","slug":"premio-vitamiin-d3-vitashine-d3","status":"publish","type":"product","link":"https:\/\/premiostore.eu\/de\/produkt\/premio-vitamiin-d3-vitashine-d3\/","title":{"rendered":"PREMIO\u00ae Vitamin D3 (Vitashine D3\u00ae)"},"excerpt":{"rendered":"<h6><span style=\"color: #c0c0c0;\">NAHRUNGSERG\u00c4NZUNGSMITTEL<\/span><\/h6>\n<p data-start=\"72\" data-end=\"159\">Vitamin D3 (aus Flechten) zur Unterst\u00fctzung der Knochengesundheit und des Immunsystems.<\/p>\n<p data-start=\"161\" data-end=\"811\">Vitamin D3 ist ein essentielles Mikron\u00e4hrstoff. Vitashine D3\u00ae ist eine nat\u00fcrliche Form von Cholecalciferol, aus der der K\u00f6rper die Endform von Vitamin D3 (Calcitriol) produziert, welche f\u00fcr viele Funktionen (Knochen, Immunsystem usw.) verantwortlich ist. Sonnenexposition erzeugt nur Cholecalciferol in der Haut, was m\u00f6glicherweise nicht immer in ausreichenden Mengen vorhanden ist, um eine ausreichende Calcitriol-Produktion sicherzustellen. Daher ist die Einnahme von Vitashine D3\u00ae ratsam, um einem m\u00f6glichen Calcitriol-Mangel vorzubeugen (die MCT-Kokos\u00f6lbasis f\u00f6rdert die Aufnahme im Verdauungstrakt). Dieses Produkt ist auch f\u00fcr Veganer geeignet.<\/p>\n","protected":false},"featured_media":1455,"template":"","meta":{"_acf_changed":false},"product_brand":[],"product_cat":[77,55,68,60,56,73,71],"product_tag":[],"class_list":{"0":"post-1119","1":"product","2":"type-product","3":"status-publish","4":"has-post-thumbnail","6":"product_cat-blutzucker","7":"product_cat-energie-muedigkeit","8":"product_cat-erholung-allgemein","9":"product_cat-frauen","10":"product_cat-immunsystem","11":"product_cat-knochen-gelenke","12":"product_cat-obere-atemwege","14":"first","15":"instock","16":"shipping-taxable","17":"purchasable","18":"product-type-simple"},"acf":[],"_links":{"self":[{"href":"https:\/\/premiostore.eu\/de\/wp-json\/wp\/v2\/product\/1119","targetHints":{"allow":["GET"]}}],"collection":[{"href":"https:\/\/premiostore.eu\/de\/wp-json\/wp\/v2\/product"}],"about":[{"href":"https:\/\/premiostore.eu\/de\/wp-json\/wp\/v2\/types\/product"}],"wp:featuredmedia":[{"embeddable":true,"href":"https:\/\/premiostore.eu\/de\/wp-json\/wp\/v2\/media\/1455"}],"wp:attachment":[{"href":"https:\/\/premiostore.eu\/de\/wp-json\/wp\/v2\/media?parent=1119"}],"wp:term":[{"taxonomy":"product_brand","embeddable":true,"href":"https:\/\/premiostore.eu\/de\/wp-json\/wp\/v2\/product_brand?post=1119"},{"taxonomy":"product_cat","embeddable":true,"href":"https:\/\/premiostore.eu\/de\/wp-json\/wp\/v2\/product_cat?post=1119"},{"taxonomy":"product_tag","embeddable":true,"href":"https:\/\/premiostore.eu\/de\/wp-json\/wp\/v2\/product_tag?post=1119"}],"curies":[{"name":"wp","href":"https:\/\/api.w.org\/{rel}","templated":true}]}}