{"id":1125,"date":"2026-01-31T11:44:00","date_gmt":"2026-01-31T09:44:00","guid":{"rendered":"https:\/\/premiostore.eu\/toode\/premio-tsink-plexozome-liposoomne\/"},"modified":"2026-03-31T18:59:46","modified_gmt":"2026-03-31T15:59:46","slug":"premio-tsink-plexozome-liposoomne","status":"publish","type":"product","link":"https:\/\/premiostore.eu\/de\/produkt\/premio-tsink-plexozome-liposoomne\/","title":{"rendered":"PREMIO\u00ae Zink (PlexoZome\u00ae, liposomal)"},"excerpt":{"rendered":"<h6><span style=\"color: #c0c0c0;\">NAHRUNGSERG\u00c4NZUNGSMITTEL<\/span><\/h6>\n<p data-start=\"0\" data-end=\"620\">Zink ist ein essentielles Spurenelement, das in zahlreichen Prozessen im menschlichen K\u00f6rper eine Rolle spielt, darunter die Funktion von Enzymen (wie Verdauungsenzymen), die Proteinsynthese, die DNA-Synthese und die normale Zellteilung. Zink unterst\u00fctzt das Wachstum und die Entwicklung, hilft, gesunde Haare, N\u00e4gel, Haut und Knochen zu erhalten, sch\u00fctzt die Zellen vor oxidativem Stress und tr\u00e4gt zur normalen Funktion des Immunsystems bei. Die patentierte und klinisch getestete PlexoZome\u00ae-Liposomen-Technologie gew\u00e4hrleistet eine ausgezeichnete Bioverf\u00fcgbarkeit und Wirksamkeit von Zink in den PREMIO\u00ae-Zinkpr\u00e4paraten.<\/p>\n","protected":false},"featured_media":1476,"template":"","meta":{"_acf_changed":false},"product_brand":[],"product_cat":[49,77,68,56,71],"product_tag":[],"class_list":{"0":"post-1125","1":"product","2":"type-product","3":"status-publish","4":"has-post-thumbnail","6":"product_cat-blasen-harnwege","7":"product_cat-blutzucker","8":"product_cat-erholung-allgemein","9":"product_cat-immunsystem","10":"product_cat-obere-atemwege","12":"first","13":"instock","14":"shipping-taxable","15":"purchasable","16":"product-type-simple"},"acf":[],"_links":{"self":[{"href":"https:\/\/premiostore.eu\/de\/wp-json\/wp\/v2\/product\/1125","targetHints":{"allow":["GET"]}}],"collection":[{"href":"https:\/\/premiostore.eu\/de\/wp-json\/wp\/v2\/product"}],"about":[{"href":"https:\/\/premiostore.eu\/de\/wp-json\/wp\/v2\/types\/product"}],"wp:featuredmedia":[{"embeddable":true,"href":"https:\/\/premiostore.eu\/de\/wp-json\/wp\/v2\/media\/1476"}],"wp:attachment":[{"href":"https:\/\/premiostore.eu\/de\/wp-json\/wp\/v2\/media?parent=1125"}],"wp:term":[{"taxonomy":"product_brand","embeddable":true,"href":"https:\/\/premiostore.eu\/de\/wp-json\/wp\/v2\/product_brand?post=1125"},{"taxonomy":"product_cat","embeddable":true,"href":"https:\/\/premiostore.eu\/de\/wp-json\/wp\/v2\/product_cat?post=1125"},{"taxonomy":"product_tag","embeddable":true,"href":"https:\/\/premiostore.eu\/de\/wp-json\/wp\/v2\/product_tag?post=1125"}],"curies":[{"name":"wp","href":"https:\/\/api.w.org\/{rel}","templated":true}]}}