{"id":1131,"date":"2026-01-31T11:43:41","date_gmt":"2026-01-31T09:43:41","guid":{"rendered":"https:\/\/premiostore.eu\/toode\/premio-vitamiin-k2d3-menaq7d3\/"},"modified":"2026-03-30T17:33:19","modified_gmt":"2026-03-30T14:33:19","slug":"premio-vitamiin-k2d3-menaq7d3","status":"publish","type":"product","link":"https:\/\/premiostore.eu\/de\/produkt\/premio-vitamiin-k2d3-menaq7d3\/","title":{"rendered":"PREMIO\u00ae Vitamin K2+D3 (MenaQ7\u00ae+D3)"},"excerpt":{"rendered":"<h6><span style=\"color: #c0c0c0;\">NAHRUNGSERG\u00c4NZUNGSMITTEL<\/span><\/h6>\n<p data-start=\"0\" data-end=\"35\">Fermentationsbasiertes Pr\u00e4parat.<\/p>\n<p data-start=\"37\" data-end=\"977\">Die Zusammenarbeit von MenaQ7\u00ae und D3 unterst\u00fctzt die Knochen- und Herz-Kreislauf-Gesundheit. MenaQ7\u00ae Vitamin K2 (MK-7) ist die bioverf\u00fcgbarste, bioaktive und langanhaltendste Form von Vitamin K (all-trans). Es ist der einzige klinisch bewiesene, patentierte Isomer von Vitamin K2 (mit \u00fcber 20 klinischen Studien), das in Verbindung mit Vitamin D3 arbeitet, um Kalzium in die Knochen zu leiten. Diese Partnerschaft reguliert die Funktion von Proteinen, die f\u00fcr die normale Knochenmineralisierung unerl\u00e4sslich sind, wie z.B. Osteokalzin. MenaQ7\u00ae + D3 ist ein hervorragendes Pr\u00e4parat, das die F\u00e4higkeit des K\u00f6rpers verbessert, die notwendigen Substanzen f\u00fcr den Knochenaufbau zu nutzen (Kalzium, Baustoffproteine f\u00fcr die Knochengesundheit), w\u00e4hrend gleichzeitig die Kalziumansammlung (durch Aktivierung von Proteinen, die dies verhindern) in Weichgeweben und den Arterienw\u00e4nden (Unterst\u00fctzung der Herz-Kreislauf-Gesundheit) verhindert wird.<\/p>\n","protected":false},"featured_media":1452,"template":"","meta":{"_acf_changed":false},"product_brand":[],"product_cat":[77,67,60,57,73],"product_tag":[],"class_list":{"0":"post-1131","1":"product","2":"type-product","3":"status-publish","4":"has-post-thumbnail","6":"product_cat-blutzucker","7":"product_cat-erholung-training-koerperliche-belastung","8":"product_cat-frauen","9":"product_cat-herz-kreislauf-cholesterin","10":"product_cat-knochen-gelenke","12":"first","13":"instock","14":"shipping-taxable","15":"purchasable","16":"product-type-simple"},"acf":[],"_links":{"self":[{"href":"https:\/\/premiostore.eu\/de\/wp-json\/wp\/v2\/product\/1131","targetHints":{"allow":["GET"]}}],"collection":[{"href":"https:\/\/premiostore.eu\/de\/wp-json\/wp\/v2\/product"}],"about":[{"href":"https:\/\/premiostore.eu\/de\/wp-json\/wp\/v2\/types\/product"}],"wp:featuredmedia":[{"embeddable":true,"href":"https:\/\/premiostore.eu\/de\/wp-json\/wp\/v2\/media\/1452"}],"wp:attachment":[{"href":"https:\/\/premiostore.eu\/de\/wp-json\/wp\/v2\/media?parent=1131"}],"wp:term":[{"taxonomy":"product_brand","embeddable":true,"href":"https:\/\/premiostore.eu\/de\/wp-json\/wp\/v2\/product_brand?post=1131"},{"taxonomy":"product_cat","embeddable":true,"href":"https:\/\/premiostore.eu\/de\/wp-json\/wp\/v2\/product_cat?post=1131"},{"taxonomy":"product_tag","embeddable":true,"href":"https:\/\/premiostore.eu\/de\/wp-json\/wp\/v2\/product_tag?post=1131"}],"curies":[{"name":"wp","href":"https:\/\/api.w.org\/{rel}","templated":true}]}}