{"id":1137,"date":"2026-01-31T11:43:18","date_gmt":"2026-01-31T09:43:18","guid":{"rendered":"https:\/\/premiostore.eu\/toode\/premio-folaat-quatrefolic-vitamin-b9\/"},"modified":"2026-03-31T19:02:58","modified_gmt":"2026-03-31T16:02:58","slug":"premio-folaat-quatrefolic-vitamin-b9","status":"publish","type":"product","link":"https:\/\/premiostore.eu\/de\/produkt\/premio-folaat-quatrefolic-vitamin-b9\/","title":{"rendered":"PREMIO\u00ae Folat (Quatrefolic\u00ae Vitamin B9)"},"excerpt":{"rendered":"<h6><span style=\"color: #c0c0c0;\">NAHRUNGSERG\u00c4NZUNGSMITTEL<\/span><\/h6>\n<p>Der bioaktive, patentierte Quatrefolic\u00ae Fols\u00e4ure ist ein Vitamin B9 der n\u00e4chsten Generation mit der besten Absorption. Es hilft, M\u00fcdigkeit und Ersch\u00f6pfung zu verringern, unterst\u00fctzt die gesunde Blutbildung, tr\u00e4gt zum normalen Homocystein-Stoffwechsel bei und f\u00f6rdert das Wachstum von Gewebe. Es ist auch f\u00fcr die Entwicklung des F\u00f6tus von entscheidender Bedeutung, insbesondere in den fr\u00fchen Schwangerschaftswochen. Die Quatrefolic\u00ae-Technologie gew\u00e4hrleistet eine sehr gute Stabilit\u00e4t der Fols\u00e4ure in dieser Zubereitung.<\/p>\n","protected":false},"featured_media":1464,"template":"","meta":{"_acf_changed":false},"product_brand":[],"product_cat":[77,60,54,57,56],"product_tag":[],"class_list":{"0":"post-1137","1":"product","2":"type-product","3":"status-publish","4":"has-post-thumbnail","6":"product_cat-blutzucker","7":"product_cat-frauen","8":"product_cat-gehirn-gedaechtnis-konzentration","9":"product_cat-herz-kreislauf-cholesterin","10":"product_cat-immunsystem","12":"first","13":"instock","14":"shipping-taxable","15":"purchasable","16":"product-type-simple"},"acf":[],"_links":{"self":[{"href":"https:\/\/premiostore.eu\/de\/wp-json\/wp\/v2\/product\/1137","targetHints":{"allow":["GET"]}}],"collection":[{"href":"https:\/\/premiostore.eu\/de\/wp-json\/wp\/v2\/product"}],"about":[{"href":"https:\/\/premiostore.eu\/de\/wp-json\/wp\/v2\/types\/product"}],"wp:featuredmedia":[{"embeddable":true,"href":"https:\/\/premiostore.eu\/de\/wp-json\/wp\/v2\/media\/1464"}],"wp:attachment":[{"href":"https:\/\/premiostore.eu\/de\/wp-json\/wp\/v2\/media?parent=1137"}],"wp:term":[{"taxonomy":"product_brand","embeddable":true,"href":"https:\/\/premiostore.eu\/de\/wp-json\/wp\/v2\/product_brand?post=1137"},{"taxonomy":"product_cat","embeddable":true,"href":"https:\/\/premiostore.eu\/de\/wp-json\/wp\/v2\/product_cat?post=1137"},{"taxonomy":"product_tag","embeddable":true,"href":"https:\/\/premiostore.eu\/de\/wp-json\/wp\/v2\/product_tag?post=1137"}],"curies":[{"name":"wp","href":"https:\/\/api.w.org\/{rel}","templated":true}]}}