{"id":973,"date":"2026-01-31T12:07:31","date_gmt":"2026-01-31T10:07:31","guid":{"rendered":"https:\/\/premiostore.eu\/toode\/premio-polufenoolide-loodusprofiiliga-johvika-ekstrakt-anthocran-indena-phytosome-mcc1\/"},"modified":"2026-04-01T10:38:36","modified_gmt":"2026-04-01T07:38:36","slug":"premio-polufenoolide-loodusprofiiliga-johvika-ekstrakt-anthocran-indena-phytosome-mcc1","status":"publish","type":"product","link":"https:\/\/premiostore.eu\/de\/produkt\/premio-polufenoolide-loodusprofiiliga-johvika-ekstrakt-anthocran-indena-phytosome-mcc1\/","title":{"rendered":"PREMIO\u00ae Cranberry-Extrakt mit nat\u00fcrlichem polyphenolischen Profil (Anthocran\u00ae Indena Phytosome\u2122) + MCC1"},"excerpt":{"rendered":"<h6><span style=\"color: #c0c0c0;\">NAHRUNGSERG\u00c4NZUNGSMITTEL<\/span><\/h6>\n<p data-start=\"30\" data-end=\"219\">Harnwegsinfektionen (HWI) geh\u00f6ren zu den h\u00e4ufigsten Infektionen weltweit, und ihre Wiederkehr stellt eine der gr\u00f6\u00dften Herausforderungen bei der Aufrechterhaltung der Harnwegsgesundheit dar.<\/p>\n<p data-start=\"221\" data-end=\"578\"><strong data-start=\"221\" data-end=\"235\">ANTHOCRAN\u00ae<\/strong> ist ein Cranberry-Extrakt mit einem nat\u00fcrlichen polyphenolischen Profil. Der hohe Gehalt an Proanthocyanidinen in einer einzelnen Kapsel, kombiniert mit der hohen Bioverf\u00fcgbarkeit der innovativen Indena Phytosome\u2122 Technologie, sorgt daf\u00fcr, dass die Wirkstoffe die ben\u00f6tigten Zielorte erreichen, um die Gesundheit der Harnwege zu unterst\u00fctzen.<\/p>\n<p data-start=\"580\" data-end=\"884\" data-is-last-node=\"\" data-is-only-node=\"\">Das Produkt enth\u00e4lt sowohl den Anthocran\u00ae Indena Phytosome\u2122 Cranberry-Extrakt als auch das Milchs\u00e4urebakterium <strong data-start=\"691\" data-end=\"729\">Lactiplantibacillus plantarum MCC1<\/strong> (patentiert, klinisch untersucht, f\u00fcr den K\u00f6rper vorteilhaft und erh\u00f6ht bei Einnahme die Anzahl der n\u00fctzlichen Milchs\u00e4urebakterien in der Darmmikrobiota).<\/p>\n","protected":false},"featured_media":1446,"template":"","meta":{"_acf_changed":false},"product_brand":[],"product_cat":[49],"product_tag":[],"class_list":{"0":"post-973","1":"product","2":"type-product","3":"status-publish","4":"has-post-thumbnail","6":"product_cat-blasen-harnwege","8":"first","9":"instock","10":"shipping-taxable","11":"purchasable","12":"product-type-simple"},"acf":[],"_links":{"self":[{"href":"https:\/\/premiostore.eu\/de\/wp-json\/wp\/v2\/product\/973","targetHints":{"allow":["GET"]}}],"collection":[{"href":"https:\/\/premiostore.eu\/de\/wp-json\/wp\/v2\/product"}],"about":[{"href":"https:\/\/premiostore.eu\/de\/wp-json\/wp\/v2\/types\/product"}],"wp:featuredmedia":[{"embeddable":true,"href":"https:\/\/premiostore.eu\/de\/wp-json\/wp\/v2\/media\/1446"}],"wp:attachment":[{"href":"https:\/\/premiostore.eu\/de\/wp-json\/wp\/v2\/media?parent=973"}],"wp:term":[{"taxonomy":"product_brand","embeddable":true,"href":"https:\/\/premiostore.eu\/de\/wp-json\/wp\/v2\/product_brand?post=973"},{"taxonomy":"product_cat","embeddable":true,"href":"https:\/\/premiostore.eu\/de\/wp-json\/wp\/v2\/product_cat?post=973"},{"taxonomy":"product_tag","embeddable":true,"href":"https:\/\/premiostore.eu\/de\/wp-json\/wp\/v2\/product_tag?post=973"}],"curies":[{"name":"wp","href":"https:\/\/api.w.org\/{rel}","templated":true}]}}