{"id":985,"date":"2026-01-31T12:03:03","date_gmt":"2026-01-31T10:03:03","guid":{"rendered":"https:\/\/premiostore.eu\/toode\/premio-vitamiin-b12-liquid-vitamin-b12\/"},"modified":"2026-03-30T13:24:40","modified_gmt":"2026-03-30T10:24:40","slug":"premio-vitamiin-b12-liquid-vitamin-b12","status":"publish","type":"product","link":"https:\/\/premiostore.eu\/de\/produkt\/premio-vitamiin-b12-liquid-vitamin-b12\/","title":{"rendered":"PREMIO\u00ae Vitamin B12"},"excerpt":{"rendered":"<h6><span style=\"color: #c0c0c0;\">NAHRUNGSERG\u00c4NZUNGSMITTEL<\/span><\/h6>\n<p data-start=\"0\" data-end=\"177\">Nat\u00fcrliche und am leichtesten aufnehmbare Form (Methylcobalamin) zur Unterst\u00fctzung des Immunsystems und des Nervensystems sowie f\u00fcr die normale Bildung von roten Blutk\u00f6rperchen.<\/p>\n<p data-start=\"179\" data-end=\"559\">Die am besten geeignete Form von B12 f\u00fcr den menschlichen K\u00f6rper stammt aus tierischen Nahrungsquellen (Fleisch, Eier, Milchprodukte). B12 ist entscheidend f\u00fcr den Stoffwechsel von Aminos\u00e4uren und Fetts\u00e4uren. Studien aus verschiedenen L\u00e4ndern zeigen, dass eine betr\u00e4chtliche Anzahl von Menschen, sowohl Jugendliche als auch \u00e4ltere Erwachsene, einen bestimmten B12-Mangel erfahren.<\/p>\n","protected":false},"featured_media":1458,"template":"","meta":{"_acf_changed":false},"product_brand":[],"product_cat":[55,54,57,56],"product_tag":[],"class_list":{"0":"post-985","1":"product","2":"type-product","3":"status-publish","4":"has-post-thumbnail","6":"product_cat-energie-muedigkeit","7":"product_cat-gehirn-gedaechtnis-konzentration","8":"product_cat-herz-kreislauf-cholesterin","9":"product_cat-immunsystem","11":"first","12":"instock","13":"shipping-taxable","14":"purchasable","15":"product-type-simple"},"acf":[],"_links":{"self":[{"href":"https:\/\/premiostore.eu\/de\/wp-json\/wp\/v2\/product\/985","targetHints":{"allow":["GET"]}}],"collection":[{"href":"https:\/\/premiostore.eu\/de\/wp-json\/wp\/v2\/product"}],"about":[{"href":"https:\/\/premiostore.eu\/de\/wp-json\/wp\/v2\/types\/product"}],"wp:featuredmedia":[{"embeddable":true,"href":"https:\/\/premiostore.eu\/de\/wp-json\/wp\/v2\/media\/1458"}],"wp:attachment":[{"href":"https:\/\/premiostore.eu\/de\/wp-json\/wp\/v2\/media?parent=985"}],"wp:term":[{"taxonomy":"product_brand","embeddable":true,"href":"https:\/\/premiostore.eu\/de\/wp-json\/wp\/v2\/product_brand?post=985"},{"taxonomy":"product_cat","embeddable":true,"href":"https:\/\/premiostore.eu\/de\/wp-json\/wp\/v2\/product_cat?post=985"},{"taxonomy":"product_tag","embeddable":true,"href":"https:\/\/premiostore.eu\/de\/wp-json\/wp\/v2\/product_tag?post=985"}],"curies":[{"name":"wp","href":"https:\/\/api.w.org\/{rel}","templated":true}]}}