{"id":991,"date":"2026-01-31T12:02:43","date_gmt":"2026-01-31T10:02:43","guid":{"rendered":"https:\/\/premiostore.eu\/toode\/premio-raud-plexozome-liposoomne\/"},"modified":"2026-03-31T19:06:19","modified_gmt":"2026-03-31T16:06:19","slug":"premio-raud-plexozome-liposoomne","status":"publish","type":"product","link":"https:\/\/premiostore.eu\/de\/produkt\/premio-raud-plexozome-liposoomne\/","title":{"rendered":"PREMIO\u00ae Eisen (PlexoZome\u00ae, liposomal)"},"excerpt":{"rendered":"<h6><span style=\"color: #c0c0c0;\">NAHRUNGSERG\u00c4NZUNGSMITTEL<\/span><\/h6>\n<p data-start=\"0\" data-end=\"278\">Eisen ist \u00e4u\u00dferst wichtig f\u00fcr das Funktionieren des menschlichen K\u00f6rpers: Es tr\u00e4gt zur normalen Bildung von roten Blutk\u00f6rperchen und H\u00e4moglobin bei, unterst\u00fctzt den normalen Sauerstofftransport und hilft dem K\u00f6rper, die f\u00fcr seine Funktionen ben\u00f6tigte Energie zu produzieren.<\/p>\n<p data-start=\"280\" data-end=\"366\">Ein Eisenmangel kann zu M\u00fcdigkeit, Schw\u00e4che und einem geschw\u00e4chten Immunsystem f\u00fchren.<\/p>\n<p data-start=\"368\" data-end=\"793\">Eisenpr\u00e4parate sollten jedoch nicht willk\u00fcrlich verwendet werden, da eine \u00dcberdosierung zu verschiedenen Problemen f\u00fchren kann <u>(f<\/u>\u00f6rdert die rasche Entstehung sch\u00e4dlichen oxidativen Stresses in der Darmschleimhaut, ver\u00e4ndert die Zusammensetzung des Darmmikrobioms in ung\u00fcnstiger Weise, verursacht eine \u00fcberm\u00e4\u00dfige metabolische Belastung der Leber usw). Die PlexoZome\u00ae-liposomale Technologie (patentiert und klinisch untersucht) gew\u00e4hrleistet eine ausgezeichnete Bioverf\u00fcgbarkeit und hocheffizienter Resorptionsweg des Eisens in den PREMIO\u00ae-Erg\u00e4nzungsmitteln, was es erm\u00f6glicht, in der Pr\u00e4paratdosis eine deutlich geringere Eisenmenge zu verwenden, dabei jedoch die ausreichende Versorgung des K\u00f6rpers mit verf\u00fcgbarem Eisen sicherzustellen, ohne die oben genannten Probleme zu verursachen.<\/p>\n","protected":false},"featured_media":1470,"template":"","meta":{"_acf_changed":false},"product_brand":[],"product_cat":[61,55,60,54,57,56],"product_tag":[],"class_list":{"0":"post-991","1":"product","2":"type-product","3":"status-publish","4":"has-post-thumbnail","6":"product_cat-eisenbalance","7":"product_cat-energie-muedigkeit","8":"product_cat-frauen","9":"product_cat-gehirn-gedaechtnis-konzentration","10":"product_cat-herz-kreislauf-cholesterin","11":"product_cat-immunsystem","13":"first","14":"outofstock","15":"shipping-taxable","16":"purchasable","17":"product-type-simple"},"acf":[],"_links":{"self":[{"href":"https:\/\/premiostore.eu\/de\/wp-json\/wp\/v2\/product\/991","targetHints":{"allow":["GET"]}}],"collection":[{"href":"https:\/\/premiostore.eu\/de\/wp-json\/wp\/v2\/product"}],"about":[{"href":"https:\/\/premiostore.eu\/de\/wp-json\/wp\/v2\/types\/product"}],"wp:featuredmedia":[{"embeddable":true,"href":"https:\/\/premiostore.eu\/de\/wp-json\/wp\/v2\/media\/1470"}],"wp:attachment":[{"href":"https:\/\/premiostore.eu\/de\/wp-json\/wp\/v2\/media?parent=991"}],"wp:term":[{"taxonomy":"product_brand","embeddable":true,"href":"https:\/\/premiostore.eu\/de\/wp-json\/wp\/v2\/product_brand?post=991"},{"taxonomy":"product_cat","embeddable":true,"href":"https:\/\/premiostore.eu\/de\/wp-json\/wp\/v2\/product_cat?post=991"},{"taxonomy":"product_tag","embeddable":true,"href":"https:\/\/premiostore.eu\/de\/wp-json\/wp\/v2\/product_tag?post=991"}],"curies":[{"name":"wp","href":"https:\/\/api.w.org\/{rel}","templated":true}]}}